{"id":46732,"date":"2025-06-25T18:01:39","date_gmt":"2025-06-25T23:01:39","guid":{"rendered":"https:\/\/tourismhr.ca\/carrieres\/"},"modified":"2025-07-22T00:00:39","modified_gmt":"2025-07-22T00:00:39","slug":"carrieres","status":"publish","type":"page","link":"https:\/\/tourismhr.ca\/fr\/carrieres\/","title":{"rendered":"Carrieres"},"content":{"rendered":"\t\t<div data-elementor-type=\"wp-page\" data-elementor-id=\"46732\" class=\"elementor elementor-46732 elementor-42615\" data-elementor-post-type=\"page\">\n\t\t\t\t<div class=\"elementor-element elementor-element-0b1f2e2 e-con-full e-flex e-con e-parent\" data-id=\"0b1f2e2\" data-element_type=\"container\" data-e-type=\"container\" data-settings=\"{&quot;background_background&quot;:&quot;classic&quot;}\">\n\t\t<div class=\"elementor-element elementor-element-b5fa646 e-flex e-con-boxed e-con e-child\" data-id=\"b5fa646\" data-element_type=\"container\" data-e-type=\"container\">\n\t\t\t\t\t<div class=\"e-con-inner\">\n\t\t<div class=\"elementor-element elementor-element-8645207 e-con-full e-flex e-con e-child\" data-id=\"8645207\" data-element_type=\"container\" data-e-type=\"container\">\n\t\t\t\t<div class=\"elementor-element elementor-element-793aa29 elementor-align-left elementor-widget elementor-widget-breadcrumbs\" data-id=\"793aa29\" data-element_type=\"widget\" data-e-type=\"widget\" data-widget_type=\"breadcrumbs.default\">\n\t\t\t\t<div class=\"elementor-widget-container\">\n\t\t\t\t\t<div id=\"breadcrumbs\"><span><span><a href=\"https:\/\/tourismhr.ca\/fr\/accueil\/\">Accueil<\/a><\/span><\/span><\/div>\t\t\t\t<\/div>\n\t\t\t\t<\/div>\n\t\t\t\t<div class=\"elementor-element elementor-element-c718727 elementor-widget elementor-widget-heading\" data-id=\"c718727\" data-element_type=\"widget\" data-e-type=\"widget\" data-widget_type=\"heading.default\">\n\t\t\t\t<div class=\"elementor-widget-container\">\n\t\t\t\t\t<h2 class=\"elementor-heading-title elementor-size-default\">Carrieres<\/h2>\t\t\t\t<\/div>\n\t\t\t\t<\/div>\n\t\t\t\t<div class=\"elementor-element elementor-element-f2f1409 elementor-widget__width-initial elementor-widget elementor-widget-spacer\" data-id=\"f2f1409\" data-element_type=\"widget\" data-e-type=\"widget\" data-widget_type=\"spacer.default\">\n\t\t\t\t<div class=\"elementor-widget-container\">\n\t\t\t\t\t\t\t<div class=\"elementor-spacer\">\n\t\t\t<div class=\"elementor-spacer-inner\"><\/div>\n\t\t<\/div>\n\t\t\t\t\t\t<\/div>\n\t\t\t\t<\/div>\n\t\t\t\t<div class=\"elementor-element elementor-element-3020080 elementor-widget elementor-widget-text-editor\" data-id=\"3020080\" data-element_type=\"widget\" data-e-type=\"widget\" data-widget_type=\"text-editor.default\">\n\t\t\t\t<div class=\"elementor-widget-container\">\n\t\t\t\t\t\t\t\t\t<p>RH Tourisme Canada est un organisme pancanadien \u00e0 but non lucratif dont le mandat vise \u00e0 constituer une main-d\u2019\u0153uvre touristique de calibre mondial. Son \u00e9quipe travaille \u00e0 identifier et \u00e0 r\u00e9soudre les probl\u00e8mes du march\u00e9 du travail du tourisme \u00e0 l\u2019\u00e9chelle nationale et joue un r\u00f4le cl\u00e9 dans l\u2019am\u00e9lioration des comp\u00e9tences, de la productivit\u00e9 et de la comp\u00e9titivit\u00e9 dans cet important secteur de l\u2019\u00e9conomie canadienne. L\u2019organisation fournit au secteur du tourisme l\u2019information sur le march\u00e9 du travail n\u00e9cessaire pour surmonter les d\u00e9fis actuels et futurs en mati\u00e8re de ressources humaines.<\/p>\n\t\t\t\t\t\t\t\t<\/div>\n\t\t\t\t<\/div>\n\t\t\t\t<\/div>\n\t\t<div class=\"elementor-element elementor-element-d7007a2 e-con-full e-flex e-con e-child\" data-id=\"d7007a2\" data-element_type=\"container\" data-e-type=\"container\">\n\t\t\t\t<div class=\"elementor-element elementor-element-c289dc4 elementor-widget elementor-widget-image\" data-id=\"c289dc4\" data-element_type=\"widget\" data-e-type=\"widget\" data-widget_type=\"image.default\">\n\t\t\t\t<div class=\"elementor-widget-container\">\n\t\t\t\t\t\t\t\t\t\t\t\t\t\t\t<img decoding=\"async\" src=\"https:\/\/tourismhr.ca\/wp-content\/uploads\/elementor\/thumbs\/shutterstock_1979136227-1-scaled-r9yz7ahnr3sy32mqfldwfnioe9k0pgjt3tbt3bypzu.jpg\" title=\"shutterstock_1979136227\" alt=\"shutterstock 1979136227\" loading=\"lazy\" \/>\t\t\t\t\t\t\t\t\t\t\t\t\t\t\t<\/div>\n\t\t\t\t<\/div>\n\t\t\t\t<\/div>\n\t\t\t\t\t<\/div>\n\t\t\t\t<\/div>\n\t\t\t\t<\/div>\n\t\t<div class=\"elementor-element elementor-element-f11dfbc e-con-full e-flex e-con e-parent\" data-id=\"f11dfbc\" data-element_type=\"container\" data-e-type=\"container\" data-settings=\"{&quot;background_background&quot;:&quot;classic&quot;}\">\n\t\t<div class=\"elementor-element elementor-element-458b7d5 e-flex e-con-boxed e-con e-child\" data-id=\"458b7d5\" data-element_type=\"container\" data-e-type=\"container\">\n\t\t\t\t\t<div class=\"e-con-inner\">\n\t\t\t\t<div class=\"elementor-element elementor-element-e7d3ed7 elementor-widget elementor-widget-heading\" data-id=\"e7d3ed7\" data-element_type=\"widget\" data-e-type=\"widget\" data-widget_type=\"heading.default\">\n\t\t\t\t<div class=\"elementor-widget-container\">\n\t\t\t\t\t<h2 class=\"elementor-heading-title elementor-size-default\">Tourism HR Canada is recognized as a leader and innovator in Canada and abroad, and has been certified for exceptional workplace culture by The Canadian Workplace Culture Index, the leading measure of Canadian workplace culture.<\/h2>\t\t\t\t<\/div>\n\t\t\t\t<\/div>\n\t\t\t\t\t<\/div>\n\t\t\t\t<\/div>\n\t\t\t\t<\/div>\n\t\t<div class=\"elementor-element elementor-element-b6e0417 e-flex e-con-boxed e-con e-parent\" data-id=\"b6e0417\" data-element_type=\"container\" data-e-type=\"container\" data-settings=\"{&quot;background_background&quot;:&quot;classic&quot;}\">\n\t\t\t\t\t<div class=\"e-con-inner\">\n\t\t<div class=\"elementor-element elementor-element-a087b3a e-flex e-con-boxed e-con e-child\" data-id=\"a087b3a\" data-element_type=\"container\" data-e-type=\"container\">\n\t\t\t\t\t<div class=\"e-con-inner\">\n\t\t<div class=\"elementor-element elementor-element-1d02c02 e-con-full e-flex e-con e-child\" data-id=\"1d02c02\" data-element_type=\"container\" data-e-type=\"container\">\n\t\t\t\t<div class=\"elementor-element elementor-element-cdb3320 section-header elementor-widget elementor-widget-heading\" data-id=\"cdb3320\" data-element_type=\"widget\" data-e-type=\"widget\" data-widget_type=\"heading.default\">\n\t\t\t\t<div class=\"elementor-widget-container\">\n\t\t\t\t\t<h2 class=\"elementor-heading-title elementor-size-default\">There are currently no job openings with Tourism HR Canada. Future opportunities will be posted here as they arise.<\/h2>\t\t\t\t<\/div>\n\t\t\t\t<\/div>\n\t\t\t\t<div class=\"elementor-element elementor-element-930c1d9 elementor-align-left elementor-mobile-align-center elementor-tablet-align-center elementor-widget elementor-widget-button\" data-id=\"930c1d9\" data-element_type=\"widget\" data-e-type=\"widget\" data-widget_type=\"button.default\">\n\t\t\t\t<div class=\"elementor-widget-container\">\n\t\t\t\t\t\t\t\t\t<div class=\"elementor-button-wrapper\">\n\t\t\t\t\t<a class=\"elementor-button elementor-button-link elementor-size-sm\" href=\"https:\/\/tourismhr.ca\/fr\/nous-joindre\/\">\n\t\t\t\t\t\t<span class=\"elementor-button-content-wrapper\">\n\t\t\t\t\t\t\t\t\t<span class=\"elementor-button-text\">Nous joindre<\/span>\n\t\t\t\t\t<\/span>\n\t\t\t\t\t<\/a>\n\t\t\t\t<\/div>\n\t\t\t\t\t\t\t\t<\/div>\n\t\t\t\t<\/div>\n\t\t\t\t<\/div>\n\t\t\t\t\t<\/div>\n\t\t\t\t<\/div>\n\t\t\t\t\t<\/div>\n\t\t\t\t<\/div>\n\t\t\t\t<\/div>\n\t\t","protected":false},"excerpt":{"rendered":"<p>Carrieres RH Tourisme Canada est un organisme pancanadien \u00e0 but non lucratif dont le mandat vise \u00e0 constituer une main-d\u2019\u0153uvre touristique de calibre mondial. Son \u00e9quipe travaille \u00e0 identifier et \u00e0 r\u00e9soudre les probl\u00e8mes du march\u00e9 du travail du tourisme&#8230;<\/p>\n","protected":false},"author":1,"featured_media":0,"parent":0,"menu_order":0,"comment_status":"closed","ping_status":"closed","template":"","meta":{"_acf_changed":false,"inline_featured_image":false,"footnotes":""},"class_list":["post-46732","page","type-page","status-publish","hentry"],"acf":[],"yoast_head":"<!-- This site is optimized with the Yoast SEO plugin v27.2 - https:\/\/yoast.com\/product\/yoast-seo-wordpress\/ -->\n<title>Carrieres - Tourism HR Canada<\/title>\n<meta name=\"robots\" content=\"index, follow, max-snippet:-1, max-image-preview:large, max-video-preview:-1\" \/>\n<link rel=\"canonical\" href=\"https:\/\/tourismhr.ca\/fr\/carrieres\/\" \/>\n<meta property=\"og:locale\" content=\"fr_FR\" \/>\n<meta property=\"og:type\" content=\"article\" \/>\n<meta property=\"og:title\" content=\"Carrieres - Tourism HR Canada\" \/>\n<meta property=\"og:description\" content=\"Carrieres RH Tourisme Canada est un organisme pancanadien \u00e0 but non lucratif dont le mandat vise \u00e0 constituer une main-d\u2019\u0153uvre touristique de calibre mondial. Son \u00e9quipe travaille \u00e0 identifier et \u00e0 r\u00e9soudre les probl\u00e8mes du march\u00e9 du travail du tourisme...\" \/>\n<meta property=\"og:url\" content=\"https:\/\/tourismhr.ca\/fr\/carrieres\/\" \/>\n<meta property=\"og:site_name\" content=\"Tourism HR Canada\" \/>\n<meta property=\"article:modified_time\" content=\"2025-07-22T00:00:39+00:00\" \/>\n<meta property=\"og:image\" content=\"https:\/\/tourismhr.ca\/wp-content\/uploads\/elementor\/thumbs\/shutterstock_1979136227-1-scaled-r7u8847fxsqnzg92vczdeujfrmlk24rfn0d5t0xonu.jpg\" \/>\n<meta name=\"twitter:card\" content=\"summary_large_image\" \/>\n<meta name=\"twitter:label1\" content=\"Dur\u00e9e de lecture estim\u00e9e\" \/>\n\t<meta name=\"twitter:data1\" content=\"1 minute\" \/>\n<script type=\"application\/ld+json\" class=\"yoast-schema-graph\">{\"@context\":\"https:\/\/schema.org\",\"@graph\":[{\"@type\":\"WebPage\",\"@id\":\"https:\/\/tourismhr.ca\/fr\/carrieres\/\",\"url\":\"https:\/\/tourismhr.ca\/fr\/carrieres\/\",\"name\":\"Carrieres - Tourism HR Canada\",\"isPartOf\":{\"@id\":\"https:\/\/tourismhr.ca\/fr\/#website\"},\"primaryImageOfPage\":{\"@id\":\"https:\/\/tourismhr.ca\/fr\/carrieres\/#primaryimage\"},\"image\":{\"@id\":\"https:\/\/tourismhr.ca\/fr\/carrieres\/#primaryimage\"},\"thumbnailUrl\":\"https:\/\/tourismhr.ca\/wp-content\/uploads\/elementor\/thumbs\/shutterstock_1979136227-1-scaled-r7u8847fxsqnzg92vczdeujfrmlk24rfn0d5t0xonu.jpg\",\"datePublished\":\"2025-06-25T23:01:39+00:00\",\"dateModified\":\"2025-07-22T00:00:39+00:00\",\"breadcrumb\":{\"@id\":\"https:\/\/tourismhr.ca\/fr\/carrieres\/#breadcrumb\"},\"inLanguage\":\"fr-FR\",\"potentialAction\":[{\"@type\":\"ReadAction\",\"target\":[\"https:\/\/tourismhr.ca\/fr\/carrieres\/\"]}]},{\"@type\":\"ImageObject\",\"inLanguage\":\"fr-FR\",\"@id\":\"https:\/\/tourismhr.ca\/fr\/carrieres\/#primaryimage\",\"url\":\"https:\/\/tourismhr.ca\/wp-content\/uploads\/elementor\/thumbs\/shutterstock_1979136227-1-scaled-r7u8847fxsqnzg92vczdeujfrmlk24rfn0d5t0xonu.jpg\",\"contentUrl\":\"https:\/\/tourismhr.ca\/wp-content\/uploads\/elementor\/thumbs\/shutterstock_1979136227-1-scaled-r7u8847fxsqnzg92vczdeujfrmlk24rfn0d5t0xonu.jpg\"},{\"@type\":\"BreadcrumbList\",\"@id\":\"https:\/\/tourismhr.ca\/fr\/carrieres\/#breadcrumb\",\"itemListElement\":[{\"@type\":\"ListItem\",\"position\":1,\"name\":\"Accueil\",\"item\":\"https:\/\/tourismhr.ca\/fr\/accueil\/\"},{\"@type\":\"ListItem\",\"position\":2,\"name\":\"Carrieres\"}]},{\"@type\":\"WebSite\",\"@id\":\"https:\/\/tourismhr.ca\/fr\/#website\",\"url\":\"https:\/\/tourismhr.ca\/fr\/\",\"name\":\"Tourism HR\",\"description\":\"\",\"publisher\":{\"@id\":\"https:\/\/tourismhr.ca\/fr\/#organization\"},\"potentialAction\":[{\"@type\":\"SearchAction\",\"target\":{\"@type\":\"EntryPoint\",\"urlTemplate\":\"https:\/\/tourismhr.ca\/fr\/?s={search_term_string}\"},\"query-input\":{\"@type\":\"PropertyValueSpecification\",\"valueRequired\":true,\"valueName\":\"search_term_string\"}}],\"inLanguage\":\"fr-FR\"},{\"@type\":\"Organization\",\"@id\":\"https:\/\/tourismhr.ca\/fr\/#organization\",\"name\":\"Tourism HR\",\"url\":\"https:\/\/tourismhr.ca\/fr\/\",\"logo\":{\"@type\":\"ImageObject\",\"inLanguage\":\"fr-FR\",\"@id\":\"https:\/\/tourismhr.ca\/fr\/#\/schema\/logo\/image\/\",\"url\":\"https:\/\/tourismhr.ca\/wp-content\/uploads\/2025\/04\/logo-tourism-hr.png\",\"contentUrl\":\"https:\/\/tourismhr.ca\/wp-content\/uploads\/2025\/04\/logo-tourism-hr.png\",\"width\":413,\"height\":79,\"caption\":\"Tourism HR\"},\"image\":{\"@id\":\"https:\/\/tourismhr.ca\/fr\/#\/schema\/logo\/image\/\"}}]}<\/script>\n<!-- \/ Yoast SEO plugin. -->","yoast_head_json":{"title":"Carrieres - Tourism HR Canada","robots":{"index":"index","follow":"follow","max-snippet":"max-snippet:-1","max-image-preview":"max-image-preview:large","max-video-preview":"max-video-preview:-1"},"canonical":"https:\/\/tourismhr.ca\/fr\/carrieres\/","og_locale":"fr_FR","og_type":"article","og_title":"Carrieres - Tourism HR Canada","og_description":"Carrieres RH Tourisme Canada est un organisme pancanadien \u00e0 but non lucratif dont le mandat vise \u00e0 constituer une main-d\u2019\u0153uvre touristique de calibre mondial. Son \u00e9quipe travaille \u00e0 identifier et \u00e0 r\u00e9soudre les probl\u00e8mes du march\u00e9 du travail du tourisme...","og_url":"https:\/\/tourismhr.ca\/fr\/carrieres\/","og_site_name":"Tourism HR Canada","article_modified_time":"2025-07-22T00:00:39+00:00","og_image":[{"url":"https:\/\/tourismhr.ca\/wp-content\/uploads\/elementor\/thumbs\/shutterstock_1979136227-1-scaled-r7u8847fxsqnzg92vczdeujfrmlk24rfn0d5t0xonu.jpg","type":"","width":"","height":""}],"twitter_card":"summary_large_image","twitter_misc":{"Dur\u00e9e de lecture estim\u00e9e":"1 minute"},"schema":{"@context":"https:\/\/schema.org","@graph":[{"@type":"WebPage","@id":"https:\/\/tourismhr.ca\/fr\/carrieres\/","url":"https:\/\/tourismhr.ca\/fr\/carrieres\/","name":"Carrieres - Tourism HR Canada","isPartOf":{"@id":"https:\/\/tourismhr.ca\/fr\/#website"},"primaryImageOfPage":{"@id":"https:\/\/tourismhr.ca\/fr\/carrieres\/#primaryimage"},"image":{"@id":"https:\/\/tourismhr.ca\/fr\/carrieres\/#primaryimage"},"thumbnailUrl":"https:\/\/tourismhr.ca\/wp-content\/uploads\/elementor\/thumbs\/shutterstock_1979136227-1-scaled-r7u8847fxsqnzg92vczdeujfrmlk24rfn0d5t0xonu.jpg","datePublished":"2025-06-25T23:01:39+00:00","dateModified":"2025-07-22T00:00:39+00:00","breadcrumb":{"@id":"https:\/\/tourismhr.ca\/fr\/carrieres\/#breadcrumb"},"inLanguage":"fr-FR","potentialAction":[{"@type":"ReadAction","target":["https:\/\/tourismhr.ca\/fr\/carrieres\/"]}]},{"@type":"ImageObject","inLanguage":"fr-FR","@id":"https:\/\/tourismhr.ca\/fr\/carrieres\/#primaryimage","url":"https:\/\/tourismhr.ca\/wp-content\/uploads\/elementor\/thumbs\/shutterstock_1979136227-1-scaled-r7u8847fxsqnzg92vczdeujfrmlk24rfn0d5t0xonu.jpg","contentUrl":"https:\/\/tourismhr.ca\/wp-content\/uploads\/elementor\/thumbs\/shutterstock_1979136227-1-scaled-r7u8847fxsqnzg92vczdeujfrmlk24rfn0d5t0xonu.jpg"},{"@type":"BreadcrumbList","@id":"https:\/\/tourismhr.ca\/fr\/carrieres\/#breadcrumb","itemListElement":[{"@type":"ListItem","position":1,"name":"Accueil","item":"https:\/\/tourismhr.ca\/fr\/accueil\/"},{"@type":"ListItem","position":2,"name":"Carrieres"}]},{"@type":"WebSite","@id":"https:\/\/tourismhr.ca\/fr\/#website","url":"https:\/\/tourismhr.ca\/fr\/","name":"Tourism HR","description":"","publisher":{"@id":"https:\/\/tourismhr.ca\/fr\/#organization"},"potentialAction":[{"@type":"SearchAction","target":{"@type":"EntryPoint","urlTemplate":"https:\/\/tourismhr.ca\/fr\/?s={search_term_string}"},"query-input":{"@type":"PropertyValueSpecification","valueRequired":true,"valueName":"search_term_string"}}],"inLanguage":"fr-FR"},{"@type":"Organization","@id":"https:\/\/tourismhr.ca\/fr\/#organization","name":"Tourism HR","url":"https:\/\/tourismhr.ca\/fr\/","logo":{"@type":"ImageObject","inLanguage":"fr-FR","@id":"https:\/\/tourismhr.ca\/fr\/#\/schema\/logo\/image\/","url":"https:\/\/tourismhr.ca\/wp-content\/uploads\/2025\/04\/logo-tourism-hr.png","contentUrl":"https:\/\/tourismhr.ca\/wp-content\/uploads\/2025\/04\/logo-tourism-hr.png","width":413,"height":79,"caption":"Tourism HR"},"image":{"@id":"https:\/\/tourismhr.ca\/fr\/#\/schema\/logo\/image\/"}}]}},"_links":{"self":[{"href":"https:\/\/tourismhr.ca\/fr\/wp-json\/wp\/v2\/pages\/46732","targetHints":{"allow":["GET"]}}],"collection":[{"href":"https:\/\/tourismhr.ca\/fr\/wp-json\/wp\/v2\/pages"}],"about":[{"href":"https:\/\/tourismhr.ca\/fr\/wp-json\/wp\/v2\/types\/page"}],"author":[{"embeddable":true,"href":"https:\/\/tourismhr.ca\/fr\/wp-json\/wp\/v2\/users\/1"}],"replies":[{"embeddable":true,"href":"https:\/\/tourismhr.ca\/fr\/wp-json\/wp\/v2\/comments?post=46732"}],"version-history":[{"count":0,"href":"https:\/\/tourismhr.ca\/fr\/wp-json\/wp\/v2\/pages\/46732\/revisions"}],"wp:attachment":[{"href":"https:\/\/tourismhr.ca\/fr\/wp-json\/wp\/v2\/media?parent=46732"}],"curies":[{"name":"wp","href":"https:\/\/api.w.org\/{rel}","templated":true}]}}