{"id":46428,"date":"2025-05-19T10:56:36","date_gmt":"2025-05-19T15:56:36","guid":{"rendered":"https:\/\/tourismhr.ca\/sinscrire-a-notre-bulletin-dinformation\/"},"modified":"2025-07-30T21:01:55","modified_gmt":"2025-07-30T21:01:55","slug":"sinscrire-a-notre-bulletin-dinformation","status":"publish","type":"page","link":"https:\/\/tourismhr.ca\/fr\/sinscrire-a-notre-bulletin-dinformation\/","title":{"rendered":"S\u2019inscrire \u00e0 notre bulletin d\u2019information"},"content":{"rendered":"\t\t<div data-elementor-type=\"wp-page\" data-elementor-id=\"46428\" class=\"elementor elementor-46428 elementor-4382\" data-elementor-post-type=\"page\">\n\t\t\t\t<div class=\"elementor-element elementor-element-8dad2f7 e-con-full e-flex e-con e-parent\" data-id=\"8dad2f7\" data-element_type=\"container\" data-e-type=\"container\" data-settings=\"{&quot;background_background&quot;:&quot;classic&quot;}\">\n\t\t<div class=\"elementor-element elementor-element-7a8a4da e-flex e-con-boxed e-con e-child\" data-id=\"7a8a4da\" data-element_type=\"container\" data-e-type=\"container\">\n\t\t\t\t\t<div class=\"e-con-inner\">\n\t\t<div class=\"elementor-element elementor-element-93e144c e-con-full e-flex e-con e-child\" data-id=\"93e144c\" data-element_type=\"container\" data-e-type=\"container\">\n\t\t\t\t<div class=\"elementor-element elementor-element-8570f8d elementor-align-left elementor-widget elementor-widget-breadcrumbs\" data-id=\"8570f8d\" data-element_type=\"widget\" data-e-type=\"widget\" data-widget_type=\"breadcrumbs.default\">\n\t\t\t\t<div class=\"elementor-widget-container\">\n\t\t\t\t\t<div id=\"breadcrumbs\"><span><span><a href=\"https:\/\/tourismhr.ca\/fr\/accueil\/\">Accueil<\/a><\/span><\/span><\/div>\t\t\t\t<\/div>\n\t\t\t\t<\/div>\n\t\t\t\t<div class=\"elementor-element elementor-element-7d6faed elementor-widget elementor-widget-heading\" data-id=\"7d6faed\" data-element_type=\"widget\" data-e-type=\"widget\" data-widget_type=\"heading.default\">\n\t\t\t\t<div class=\"elementor-widget-container\">\n\t\t\t\t\t<h2 class=\"elementor-heading-title elementor-size-default\">Pour s\u2019inscrire \u00e0 notre bulletin d\u2019information,<\/h2>\t\t\t\t<\/div>\n\t\t\t\t<\/div>\n\t\t\t\t<div class=\"elementor-element elementor-element-b8cbc48 elementor-widget__width-initial elementor-widget elementor-widget-spacer\" data-id=\"b8cbc48\" data-element_type=\"widget\" data-e-type=\"widget\" data-widget_type=\"spacer.default\">\n\t\t\t\t<div class=\"elementor-widget-container\">\n\t\t\t\t\t\t\t<div class=\"elementor-spacer\">\n\t\t\t<div class=\"elementor-spacer-inner\"><\/div>\n\t\t<\/div>\n\t\t\t\t\t\t<\/div>\n\t\t\t\t<\/div>\n\t\t\t\t<div class=\"elementor-element elementor-element-0c506d9 elementor-widget elementor-widget-text-editor\" data-id=\"0c506d9\" data-element_type=\"widget\" data-e-type=\"widget\" data-widget_type=\"text-editor.default\">\n\t\t\t\t<div class=\"elementor-widget-container\">\n\t\t\t\t\t\t\t\t\t<p>Tourism HR Insider est votre source d&rsquo;information pour obtenir en temps opportun des renseignements pertinents sur le march\u00e9 du travail, des mises \u00e0 jour des programmes, des nouvelles et des \u00e9v\u00e9nements, ainsi que des articles sur des th\u00e8mes li\u00e9s aux ressources humaines qui ont une incidence sur le succ\u00e8s actuel et futur du tourisme.<\/p>\t\t\t\t\t\t\t\t<\/div>\n\t\t\t\t<\/div>\n\t\t\t\t<\/div>\n\t\t<div class=\"elementor-element elementor-element-85f4a26 e-con-full e-flex e-con e-child\" data-id=\"85f4a26\" data-element_type=\"container\" data-e-type=\"container\">\n\t\t\t\t<div class=\"elementor-element elementor-element-6caaebc elementor-widget elementor-widget-image\" data-id=\"6caaebc\" data-element_type=\"widget\" data-e-type=\"widget\" data-widget_type=\"image.default\">\n\t\t\t\t<div class=\"elementor-widget-container\">\n\t\t\t\t\t\t\t\t\t\t\t\t\t\t\t<img decoding=\"async\" src=\"https:\/\/tourismhr.ca\/wp-content\/uploads\/elementor\/thumbs\/program-services-header-scaled-r9yz7cdc4rvixnq8vdl2uwswdz2zuih6lt35o7r31g.jpg\" title=\"program-services-header\" alt=\"program services header\" loading=\"lazy\" \/>\t\t\t\t\t\t\t\t\t\t\t\t\t\t\t<\/div>\n\t\t\t\t<\/div>\n\t\t\t\t<\/div>\n\t\t\t\t\t<\/div>\n\t\t\t\t<\/div>\n\t\t\t\t<\/div>\n\t\t<div class=\"elementor-element elementor-element-f68edd9 e-flex e-con-boxed e-con e-parent\" data-id=\"f68edd9\" data-element_type=\"container\" data-e-type=\"container\">\n\t\t\t\t\t<div class=\"e-con-inner\">\n\t\t\t\t<div class=\"elementor-element elementor-element-a7fccf3 elementor-widget elementor-widget-html\" data-id=\"a7fccf3\" data-element_type=\"widget\" data-e-type=\"widget\" data-widget_type=\"html.default\">\n\t\t\t\t<div class=\"elementor-widget-container\">\n\t\t\t\t\t<iframe src=\"https:\/\/secure.campaigner.com\/CSB\/Public\/Form.aspx?fid=1165113\" height=\"600\" width=\"\"><\/iframe>\t\t\t\t<\/div>\n\t\t\t\t<\/div>\n\t\t\t\t\t<\/div>\n\t\t\t\t<\/div>\n\t\t\t\t<\/div>\n\t\t","protected":false},"excerpt":{"rendered":"<p>Pour s\u2019inscrire \u00e0 notre bulletin d\u2019information, Tourism HR Insider est votre source d&rsquo;information pour obtenir en temps opportun des renseignements pertinents sur le march\u00e9 du travail, des mises \u00e0 jour des programmes, des nouvelles et des \u00e9v\u00e9nements, ainsi que des&#8230;<\/p>\n","protected":false},"author":1,"featured_media":0,"parent":0,"menu_order":0,"comment_status":"closed","ping_status":"closed","template":"","meta":{"_acf_changed":false,"inline_featured_image":false,"footnotes":""},"class_list":["post-46428","page","type-page","status-publish","hentry"],"acf":[],"yoast_head":"<!-- This site is optimized with the Yoast SEO plugin v27.5 - https:\/\/yoast.com\/product\/yoast-seo-wordpress\/ -->\n<title>S\u2019inscrire \u00e0 notre bulletin d\u2019information - Tourism HR Canada<\/title>\n<meta name=\"robots\" content=\"index, follow, max-snippet:-1, max-image-preview:large, max-video-preview:-1\" \/>\n<link rel=\"canonical\" href=\"https:\/\/tourismhr.ca\/fr\/sinscrire-a-notre-bulletin-dinformation\/\" \/>\n<meta property=\"og:locale\" content=\"fr_FR\" \/>\n<meta property=\"og:type\" content=\"article\" \/>\n<meta property=\"og:title\" content=\"S\u2019inscrire \u00e0 notre bulletin d\u2019information - Tourism HR Canada\" \/>\n<meta property=\"og:description\" content=\"Pour s\u2019inscrire \u00e0 notre bulletin d\u2019information, Tourism HR Insider est votre source d&rsquo;information pour obtenir en temps opportun des renseignements pertinents sur le march\u00e9 du travail, des mises \u00e0 jour des programmes, des nouvelles et des \u00e9v\u00e9nements, ainsi que des...\" \/>\n<meta property=\"og:url\" content=\"https:\/\/tourismhr.ca\/fr\/sinscrire-a-notre-bulletin-dinformation\/\" \/>\n<meta property=\"og:site_name\" content=\"Tourism HR Canada\" \/>\n<meta property=\"article:modified_time\" content=\"2025-07-30T21:01:55+00:00\" \/>\n<meta property=\"og:image\" content=\"https:\/\/tourismhr.ca\/wp-content\/uploads\/elementor\/thumbs\/program-services-header-scaled-r5z06031bf4tqx5oklw1lkxnqw72keq5abbq5fmmn8.jpg\" \/>\n<meta name=\"twitter:card\" content=\"summary_large_image\" \/>\n<meta name=\"twitter:label1\" content=\"Dur\u00e9e de lecture estim\u00e9e\" \/>\n\t<meta name=\"twitter:data1\" content=\"1 minute\" \/>\n<script type=\"application\/ld+json\" class=\"yoast-schema-graph\">{\"@context\":\"https:\\\/\\\/schema.org\",\"@graph\":[{\"@type\":\"WebPage\",\"@id\":\"https:\\\/\\\/tourismhr.ca\\\/fr\\\/sinscrire-a-notre-bulletin-dinformation\\\/\",\"url\":\"https:\\\/\\\/tourismhr.ca\\\/fr\\\/sinscrire-a-notre-bulletin-dinformation\\\/\",\"name\":\"S\u2019inscrire \u00e0 notre bulletin d\u2019information - Tourism HR Canada\",\"isPartOf\":{\"@id\":\"https:\\\/\\\/tourismhr.ca\\\/fr\\\/#website\"},\"primaryImageOfPage\":{\"@id\":\"https:\\\/\\\/tourismhr.ca\\\/fr\\\/sinscrire-a-notre-bulletin-dinformation\\\/#primaryimage\"},\"image\":{\"@id\":\"https:\\\/\\\/tourismhr.ca\\\/fr\\\/sinscrire-a-notre-bulletin-dinformation\\\/#primaryimage\"},\"thumbnailUrl\":\"https:\\\/\\\/tourismhr.ca\\\/wp-content\\\/uploads\\\/elementor\\\/thumbs\\\/program-services-header-scaled-r5z06031bf4tqx5oklw1lkxnqw72keq5abbq5fmmn8.jpg\",\"datePublished\":\"2025-05-19T15:56:36+00:00\",\"dateModified\":\"2025-07-30T21:01:55+00:00\",\"breadcrumb\":{\"@id\":\"https:\\\/\\\/tourismhr.ca\\\/fr\\\/sinscrire-a-notre-bulletin-dinformation\\\/#breadcrumb\"},\"inLanguage\":\"fr-FR\",\"potentialAction\":[{\"@type\":\"ReadAction\",\"target\":[\"https:\\\/\\\/tourismhr.ca\\\/fr\\\/sinscrire-a-notre-bulletin-dinformation\\\/\"]}]},{\"@type\":\"ImageObject\",\"inLanguage\":\"fr-FR\",\"@id\":\"https:\\\/\\\/tourismhr.ca\\\/fr\\\/sinscrire-a-notre-bulletin-dinformation\\\/#primaryimage\",\"url\":\"https:\\\/\\\/tourismhr.ca\\\/wp-content\\\/uploads\\\/elementor\\\/thumbs\\\/program-services-header-scaled-r5z06031bf4tqx5oklw1lkxnqw72keq5abbq5fmmn8.jpg\",\"contentUrl\":\"https:\\\/\\\/tourismhr.ca\\\/wp-content\\\/uploads\\\/elementor\\\/thumbs\\\/program-services-header-scaled-r5z06031bf4tqx5oklw1lkxnqw72keq5abbq5fmmn8.jpg\"},{\"@type\":\"BreadcrumbList\",\"@id\":\"https:\\\/\\\/tourismhr.ca\\\/fr\\\/sinscrire-a-notre-bulletin-dinformation\\\/#breadcrumb\",\"itemListElement\":[{\"@type\":\"ListItem\",\"position\":1,\"name\":\"Accueil\",\"item\":\"https:\\\/\\\/tourismhr.ca\\\/fr\\\/accueil\\\/\"},{\"@type\":\"ListItem\",\"position\":2,\"name\":\"S\u2019inscrire \u00e0 notre bulletin d\u2019information\"}]},{\"@type\":\"WebSite\",\"@id\":\"https:\\\/\\\/tourismhr.ca\\\/fr\\\/#website\",\"url\":\"https:\\\/\\\/tourismhr.ca\\\/fr\\\/\",\"name\":\"Tourism HR\",\"description\":\"\",\"publisher\":{\"@id\":\"https:\\\/\\\/tourismhr.ca\\\/fr\\\/#organization\"},\"potentialAction\":[{\"@type\":\"SearchAction\",\"target\":{\"@type\":\"EntryPoint\",\"urlTemplate\":\"https:\\\/\\\/tourismhr.ca\\\/fr\\\/?s={search_term_string}\"},\"query-input\":{\"@type\":\"PropertyValueSpecification\",\"valueRequired\":true,\"valueName\":\"search_term_string\"}}],\"inLanguage\":\"fr-FR\"},{\"@type\":\"Organization\",\"@id\":\"https:\\\/\\\/tourismhr.ca\\\/fr\\\/#organization\",\"name\":\"Tourism HR\",\"url\":\"https:\\\/\\\/tourismhr.ca\\\/fr\\\/\",\"logo\":{\"@type\":\"ImageObject\",\"inLanguage\":\"fr-FR\",\"@id\":\"https:\\\/\\\/tourismhr.ca\\\/fr\\\/#\\\/schema\\\/logo\\\/image\\\/\",\"url\":\"https:\\\/\\\/tourismhr.ca\\\/wp-content\\\/uploads\\\/2025\\\/04\\\/logo-tourism-hr.png\",\"contentUrl\":\"https:\\\/\\\/tourismhr.ca\\\/wp-content\\\/uploads\\\/2025\\\/04\\\/logo-tourism-hr.png\",\"width\":413,\"height\":79,\"caption\":\"Tourism HR\"},\"image\":{\"@id\":\"https:\\\/\\\/tourismhr.ca\\\/fr\\\/#\\\/schema\\\/logo\\\/image\\\/\"}}]}<\/script>\n<!-- \/ Yoast SEO plugin. -->","yoast_head_json":{"title":"S\u2019inscrire \u00e0 notre bulletin d\u2019information - Tourism HR Canada","robots":{"index":"index","follow":"follow","max-snippet":"max-snippet:-1","max-image-preview":"max-image-preview:large","max-video-preview":"max-video-preview:-1"},"canonical":"https:\/\/tourismhr.ca\/fr\/sinscrire-a-notre-bulletin-dinformation\/","og_locale":"fr_FR","og_type":"article","og_title":"S\u2019inscrire \u00e0 notre bulletin d\u2019information - Tourism HR Canada","og_description":"Pour s\u2019inscrire \u00e0 notre bulletin d\u2019information, Tourism HR Insider est votre source d&rsquo;information pour obtenir en temps opportun des renseignements pertinents sur le march\u00e9 du travail, des mises \u00e0 jour des programmes, des nouvelles et des \u00e9v\u00e9nements, ainsi que des...","og_url":"https:\/\/tourismhr.ca\/fr\/sinscrire-a-notre-bulletin-dinformation\/","og_site_name":"Tourism HR Canada","article_modified_time":"2025-07-30T21:01:55+00:00","og_image":[{"url":"https:\/\/tourismhr.ca\/wp-content\/uploads\/elementor\/thumbs\/program-services-header-scaled-r5z06031bf4tqx5oklw1lkxnqw72keq5abbq5fmmn8.jpg","type":"","width":"","height":""}],"twitter_card":"summary_large_image","twitter_misc":{"Dur\u00e9e de lecture estim\u00e9e":"1 minute"},"schema":{"@context":"https:\/\/schema.org","@graph":[{"@type":"WebPage","@id":"https:\/\/tourismhr.ca\/fr\/sinscrire-a-notre-bulletin-dinformation\/","url":"https:\/\/tourismhr.ca\/fr\/sinscrire-a-notre-bulletin-dinformation\/","name":"S\u2019inscrire \u00e0 notre bulletin d\u2019information - Tourism HR Canada","isPartOf":{"@id":"https:\/\/tourismhr.ca\/fr\/#website"},"primaryImageOfPage":{"@id":"https:\/\/tourismhr.ca\/fr\/sinscrire-a-notre-bulletin-dinformation\/#primaryimage"},"image":{"@id":"https:\/\/tourismhr.ca\/fr\/sinscrire-a-notre-bulletin-dinformation\/#primaryimage"},"thumbnailUrl":"https:\/\/tourismhr.ca\/wp-content\/uploads\/elementor\/thumbs\/program-services-header-scaled-r5z06031bf4tqx5oklw1lkxnqw72keq5abbq5fmmn8.jpg","datePublished":"2025-05-19T15:56:36+00:00","dateModified":"2025-07-30T21:01:55+00:00","breadcrumb":{"@id":"https:\/\/tourismhr.ca\/fr\/sinscrire-a-notre-bulletin-dinformation\/#breadcrumb"},"inLanguage":"fr-FR","potentialAction":[{"@type":"ReadAction","target":["https:\/\/tourismhr.ca\/fr\/sinscrire-a-notre-bulletin-dinformation\/"]}]},{"@type":"ImageObject","inLanguage":"fr-FR","@id":"https:\/\/tourismhr.ca\/fr\/sinscrire-a-notre-bulletin-dinformation\/#primaryimage","url":"https:\/\/tourismhr.ca\/wp-content\/uploads\/elementor\/thumbs\/program-services-header-scaled-r5z06031bf4tqx5oklw1lkxnqw72keq5abbq5fmmn8.jpg","contentUrl":"https:\/\/tourismhr.ca\/wp-content\/uploads\/elementor\/thumbs\/program-services-header-scaled-r5z06031bf4tqx5oklw1lkxnqw72keq5abbq5fmmn8.jpg"},{"@type":"BreadcrumbList","@id":"https:\/\/tourismhr.ca\/fr\/sinscrire-a-notre-bulletin-dinformation\/#breadcrumb","itemListElement":[{"@type":"ListItem","position":1,"name":"Accueil","item":"https:\/\/tourismhr.ca\/fr\/accueil\/"},{"@type":"ListItem","position":2,"name":"S\u2019inscrire \u00e0 notre bulletin d\u2019information"}]},{"@type":"WebSite","@id":"https:\/\/tourismhr.ca\/fr\/#website","url":"https:\/\/tourismhr.ca\/fr\/","name":"Tourism HR","description":"","publisher":{"@id":"https:\/\/tourismhr.ca\/fr\/#organization"},"potentialAction":[{"@type":"SearchAction","target":{"@type":"EntryPoint","urlTemplate":"https:\/\/tourismhr.ca\/fr\/?s={search_term_string}"},"query-input":{"@type":"PropertyValueSpecification","valueRequired":true,"valueName":"search_term_string"}}],"inLanguage":"fr-FR"},{"@type":"Organization","@id":"https:\/\/tourismhr.ca\/fr\/#organization","name":"Tourism HR","url":"https:\/\/tourismhr.ca\/fr\/","logo":{"@type":"ImageObject","inLanguage":"fr-FR","@id":"https:\/\/tourismhr.ca\/fr\/#\/schema\/logo\/image\/","url":"https:\/\/tourismhr.ca\/wp-content\/uploads\/2025\/04\/logo-tourism-hr.png","contentUrl":"https:\/\/tourismhr.ca\/wp-content\/uploads\/2025\/04\/logo-tourism-hr.png","width":413,"height":79,"caption":"Tourism HR"},"image":{"@id":"https:\/\/tourismhr.ca\/fr\/#\/schema\/logo\/image\/"}}]}},"_links":{"self":[{"href":"https:\/\/tourismhr.ca\/fr\/wp-json\/wp\/v2\/pages\/46428","targetHints":{"allow":["GET"]}}],"collection":[{"href":"https:\/\/tourismhr.ca\/fr\/wp-json\/wp\/v2\/pages"}],"about":[{"href":"https:\/\/tourismhr.ca\/fr\/wp-json\/wp\/v2\/types\/page"}],"author":[{"embeddable":true,"href":"https:\/\/tourismhr.ca\/fr\/wp-json\/wp\/v2\/users\/1"}],"replies":[{"embeddable":true,"href":"https:\/\/tourismhr.ca\/fr\/wp-json\/wp\/v2\/comments?post=46428"}],"version-history":[{"count":0,"href":"https:\/\/tourismhr.ca\/fr\/wp-json\/wp\/v2\/pages\/46428\/revisions"}],"wp:attachment":[{"href":"https:\/\/tourismhr.ca\/fr\/wp-json\/wp\/v2\/media?parent=46428"}],"curies":[{"name":"wp","href":"https:\/\/api.w.org\/{rel}","templated":true}]}}