{"id":46406,"date":"2025-06-03T07:20:33","date_gmt":"2025-06-03T07:20:33","guid":{"rendered":"https:\/\/tourismhr.ca\/ressources\/"},"modified":"2025-08-05T21:08:25","modified_gmt":"2025-08-05T21:08:25","slug":"ressources","status":"publish","type":"page","link":"https:\/\/tourismhr.ca\/fr\/ressources\/","title":{"rendered":"Ressources"},"content":{"rendered":"\t\t<div data-elementor-type=\"wp-page\" data-elementor-id=\"46406\" class=\"elementor elementor-46406 elementor-9618\" data-elementor-post-type=\"page\">\n\t\t\t\t<div class=\"elementor-element elementor-element-435f6f4 e-con-full e-flex e-con e-parent\" data-id=\"435f6f4\" data-element_type=\"container\" data-e-type=\"container\" data-settings=\"{&quot;background_background&quot;:&quot;classic&quot;}\">\n\t\t<div class=\"elementor-element elementor-element-f060892 e-flex e-con-boxed e-con e-child\" data-id=\"f060892\" data-element_type=\"container\" data-e-type=\"container\">\n\t\t\t\t\t<div class=\"e-con-inner\">\n\t\t<div class=\"elementor-element elementor-element-b0e0720 e-con-full e-flex e-con e-child\" data-id=\"b0e0720\" data-element_type=\"container\" data-e-type=\"container\">\n\t\t\t\t<div class=\"elementor-element elementor-element-00dbec8 elementor-align-left elementor-widget elementor-widget-breadcrumbs\" data-id=\"00dbec8\" data-element_type=\"widget\" data-e-type=\"widget\" data-widget_type=\"breadcrumbs.default\">\n\t\t\t\t<div class=\"elementor-widget-container\">\n\t\t\t\t\t<div id=\"breadcrumbs\"><span><span><a href=\"https:\/\/tourismhr.ca\/fr\/accueil\/\">Accueil<\/a><\/span><\/span><\/div>\t\t\t\t<\/div>\n\t\t\t\t<\/div>\n\t\t\t\t<div class=\"elementor-element elementor-element-6fb627b elementor-widget elementor-widget-heading\" data-id=\"6fb627b\" data-element_type=\"widget\" data-e-type=\"widget\" data-widget_type=\"heading.default\">\n\t\t\t\t<div class=\"elementor-widget-container\">\n\t\t\t\t\t<h2 class=\"elementor-heading-title elementor-size-default\">Ressources<\/h2>\t\t\t\t<\/div>\n\t\t\t\t<\/div>\n\t\t\t\t<div class=\"elementor-element elementor-element-7c0c0a2 elementor-widget__width-initial elementor-widget elementor-widget-spacer\" data-id=\"7c0c0a2\" data-element_type=\"widget\" data-e-type=\"widget\" data-widget_type=\"spacer.default\">\n\t\t\t\t<div class=\"elementor-widget-container\">\n\t\t\t\t\t\t\t<div class=\"elementor-spacer\">\n\t\t\t<div class=\"elementor-spacer-inner\"><\/div>\n\t\t<\/div>\n\t\t\t\t\t\t<\/div>\n\t\t\t\t<\/div>\n\t\t\t\t<div class=\"elementor-element elementor-element-14e5688 elementor-widget elementor-widget-text-editor\" data-id=\"14e5688\" data-element_type=\"widget\" data-e-type=\"widget\" data-widget_type=\"text-editor.default\">\n\t\t\t\t<div class=\"elementor-widget-container\">\n\t\t\t\t\t\t\t\t\t<p>Si vous \u00eates concern\u00e9 de pr\u00e8s ou de loin par le tourisme,les ressources nombreuses et diversifi\u00e9es de RH Tourisme Canada sauront \u00e0 coup s\u00fbr satisfaire tous vos besoins d\u2019information. Que vous soyez chercheur, enseignant, \u00e9tudiant, employeur, employ\u00e9 ou chercheur d\u2019emploi, vous trouverez des ressources et des outils utiles, complets et exacts dans notre site Web. Les membres de RH Tourisme Canada b\u00e9n\u00e9ficient \u00e9galement de privil\u00e8ges et d\u2019acc\u00e8s exclusifs.<\/p>\t\t\t\t\t\t\t\t<\/div>\n\t\t\t\t<\/div>\n\t\t\t\t<\/div>\n\t\t<div class=\"elementor-element elementor-element-52f88ad e-con-full e-flex e-con e-child\" data-id=\"52f88ad\" data-element_type=\"container\" data-e-type=\"container\">\n\t\t\t\t<div class=\"elementor-element elementor-element-fb82357 elementor-widget elementor-widget-image\" data-id=\"fb82357\" data-element_type=\"widget\" data-e-type=\"widget\" data-widget_type=\"image.default\">\n\t\t\t\t<div class=\"elementor-widget-container\">\n\t\t\t\t\t\t\t\t\t\t\t\t\t\t\t<img decoding=\"async\" src=\"https:\/\/tourismhr.ca\/wp-content\/uploads\/elementor\/thumbs\/shutterstock_1955255617-scaled-r9yz7ahnr3sy32mqfldwfnioe9k0pgjt3tbt3bypzu.jpg\" title=\"shutterstock_1955255617\" alt=\"A male and female barista standing beside each other. The female is showing the male barista the frothing cup and the male is looking.\" loading=\"lazy\" \/>\t\t\t\t\t\t\t\t\t\t\t\t\t\t\t<\/div>\n\t\t\t\t<\/div>\n\t\t\t\t<\/div>\n\t\t\t\t\t<\/div>\n\t\t\t\t<\/div>\n\t\t\t\t<\/div>\n\t\t<div class=\"elementor-element elementor-element-99827ac e-flex e-con-boxed e-con e-parent\" data-id=\"99827ac\" data-element_type=\"container\" data-e-type=\"container\">\n\t\t\t\t\t<div class=\"e-con-inner\">\n\t\t<div class=\"elementor-element elementor-element-6d57a47 e-con-full e-flex e-con e-child\" data-id=\"6d57a47\" data-element_type=\"container\" data-e-type=\"container\">\n\t\t\t\t<div class=\"elementor-element elementor-element-5f1c235 section-header elementor-widget elementor-widget-heading\" data-id=\"5f1c235\" data-element_type=\"widget\" data-e-type=\"widget\" data-widget_type=\"heading.default\">\n\t\t\t\t<div class=\"elementor-widget-container\">\n\t\t\t\t\t<h2 class=\"elementor-heading-title elementor-size-default\">Liens rapides<\/h2>\t\t\t\t<\/div>\n\t\t\t\t<\/div>\n\t\t\t\t<div class=\"elementor-element elementor-element-7c2bb29 elementor-widget elementor-widget-image\" data-id=\"7c2bb29\" data-element_type=\"widget\" data-e-type=\"widget\" data-widget_type=\"image.default\">\n\t\t\t\t<div class=\"elementor-widget-container\">\n\t\t\t\t\t\t\t\t\t\t\t\t\t\t\t<img decoding=\"async\" src=\"https:\/\/tourismhr.ca\/wp-content\/uploads\/elementor\/thumbs\/shutterstock_2223351425-scaled-r9yz73wqjq84dqkq7oqgqv1a1bs30vkzetp53g0zo4.jpg\" title=\"Young,Happy,Professional,Business,Woman,Employee,Sitting,At,Desk,Working\" alt=\"Young Happy Professional Business Woman Employee Sitting At Desk Working\" loading=\"lazy\" \/>\t\t\t\t\t\t\t\t\t\t\t\t\t\t\t<\/div>\n\t\t\t\t<\/div>\n\t\t\t\t<\/div>\n\t\t<div class=\"elementor-element elementor-element-50530ee e-con-full quick-links-wrap e-flex e-con e-child\" data-id=\"50530ee\" data-element_type=\"container\" data-e-type=\"container\">\n\t\t\t\t<div class=\"elementor-element elementor-element-b1bb3d3 icon-link-cta elementor-widget elementor-widget-icon-box\" data-id=\"b1bb3d3\" data-element_type=\"widget\" data-e-type=\"widget\" data-widget_type=\"icon-box.default\">\n\t\t\t\t<div class=\"elementor-widget-container\">\n\t\t\t\t\t\t\t<div class=\"elementor-icon-box-wrapper\">\n\n\t\t\t\n\t\t\t\t\t\t<div class=\"elementor-icon-box-content\">\n\n\t\t\t\t\t\t\t\t\t<h2 class=\"elementor-icon-box-title\">\n\t\t\t\t\t\t<a href=\"https:\/\/tourismhr.ca\/fr\/ressources\/ressources-pour-les-employeurs\/\" target=\"_blank\" >\n\t\t\t\t\t\t\tOutils pour les employeurs\t\t\t\t\t\t<\/a>\n\t\t\t\t\t<\/h2>\n\t\t\t\t\n\t\t\t\t\t\t\t\t\t<p class=\"elementor-icon-box-description\">\n\t\t\t\t\t\tConstituez un effectif plus fort avec des comp\u00e9tences \u00e9lev\u00e9es pour aider \u00e0 guider votre \u00e9quipe vers le succ\u00e8s.\t\t\t\t\t<\/p>\n\t\t\t\t\n\t\t\t<\/div>\n\t\t\t\n\t\t<\/div>\n\t\t\t\t\t\t<\/div>\n\t\t\t\t<\/div>\n\t\t\t\t<div class=\"elementor-element elementor-element-f0b0fc2 icon-link-cta elementor-widget elementor-widget-icon-box\" data-id=\"f0b0fc2\" data-element_type=\"widget\" data-e-type=\"widget\" data-widget_type=\"icon-box.default\">\n\t\t\t\t<div class=\"elementor-widget-container\">\n\t\t\t\t\t\t\t<div class=\"elementor-icon-box-wrapper\">\n\n\t\t\t\n\t\t\t\t\t\t<div class=\"elementor-icon-box-content\">\n\n\t\t\t\t\t\t\t\t\t<h2 class=\"elementor-icon-box-title\">\n\t\t\t\t\t\t<a href=\"https:\/\/tourismhr.ca\/fr\/ressources\/ressources-academiques\/\" target=\"_blank\" >\n\t\t\t\t\t\t\tOutils \u00e9ducateurs\t\t\t\t\t\t<\/a>\n\t\t\t\t\t<\/h2>\n\t\t\t\t\n\t\t\t\t\t\t\t\t\t<p class=\"elementor-icon-box-description\">\n\t\t\t\t\t\tAcc\u00e9dez aux ressources qui vous aideront, vous et vos \u00e9l\u00e8ves, \u00e0 exceller.\t\t\t\t\t<\/p>\n\t\t\t\t\n\t\t\t<\/div>\n\t\t\t\n\t\t<\/div>\n\t\t\t\t\t\t<\/div>\n\t\t\t\t<\/div>\n\t\t\t\t<div class=\"elementor-element elementor-element-693dbe5 icon-link-cta elementor-widget elementor-widget-icon-box\" data-id=\"693dbe5\" data-element_type=\"widget\" data-e-type=\"widget\" data-widget_type=\"icon-box.default\">\n\t\t\t\t<div class=\"elementor-widget-container\">\n\t\t\t\t\t\t\t<div class=\"elementor-icon-box-wrapper\">\n\n\t\t\t\n\t\t\t\t\t\t<div class=\"elementor-icon-box-content\">\n\n\t\t\t\t\t\t\t\t\t<h2 class=\"elementor-icon-box-title\">\n\t\t\t\t\t\t<a href=\"https:\/\/tourismhr.ca\/fr\/ressources\/laide-a-la-sante-mentale\/\" target=\"_blank\" >\n\t\t\t\t\t\t\tSant\u00e9 mentale\t\t\t\t\t\t<\/a>\n\t\t\t\t\t<\/h2>\n\t\t\t\t\n\t\t\t\t\t\t\t\t\t<p class=\"elementor-icon-box-description\">\n\t\t\t\t\t\tSoutenez votre \u00e9quipe en lui fournissant des outils et des ressources pour l'aider \u00e0 se familiariser avec la sant\u00e9 mentale au travail.\t\t\t\t\t<\/p>\n\t\t\t\t\n\t\t\t<\/div>\n\t\t\t\n\t\t<\/div>\n\t\t\t\t\t\t<\/div>\n\t\t\t\t<\/div>\n\t\t\t\t<div class=\"elementor-element elementor-element-82a5323 icon-link-cta elementor-widget elementor-widget-icon-box\" data-id=\"82a5323\" data-element_type=\"widget\" data-e-type=\"widget\" data-widget_type=\"icon-box.default\">\n\t\t\t\t<div class=\"elementor-widget-container\">\n\t\t\t\t\t\t\t<div class=\"elementor-icon-box-wrapper\">\n\n\t\t\t\n\t\t\t\t\t\t<div class=\"elementor-icon-box-content\">\n\n\t\t\t\t\t\t\t\t\t<h2 class=\"elementor-icon-box-title\">\n\t\t\t\t\t\t<a href=\"https:\/\/tourismhr.ca\/fr\/centre-dinformation-sur-limmigration\/\" target=\"_blank\" >\n\t\t\t\t\t\t\tEmbaucher des talents internationaux\t\t\t\t\t\t<\/a>\n\t\t\t\t\t<\/h2>\n\t\t\t\t\n\t\t\t\t\t\t\t\t\t<p class=\"elementor-icon-box-description\">\n\t\t\t\t\t\tUne s\u00e9rie d\u2019infographies qui pr\u00e9sentent des conseils et des ressources pour vous aider \u00e0 r\u00e9pondre \u00e0 vos besoins en mati\u00e8re de dotation cet \u00e9t\u00e9.\t\t\t\t\t<\/p>\n\t\t\t\t\n\t\t\t<\/div>\n\t\t\t\n\t\t<\/div>\n\t\t\t\t\t\t<\/div>\n\t\t\t\t<\/div>\n\t\t\t\t<\/div>\n\t\t\t\t\t<\/div>\n\t\t\t\t<\/div>\n\t\t<div class=\"elementor-element elementor-element-230ec6f e-con-full e-flex e-con e-parent\" data-id=\"230ec6f\" data-element_type=\"container\" data-e-type=\"container\" data-settings=\"{&quot;background_background&quot;:&quot;classic&quot;}\">\n\t\t<div class=\"elementor-element elementor-element-77d4156 e-flex e-con-boxed e-con e-child\" data-id=\"77d4156\" data-element_type=\"container\" data-e-type=\"container\">\n\t\t\t\t\t<div class=\"e-con-inner\">\n\t\t<div class=\"elementor-element elementor-element-02aa34a e-con-full e-flex e-con e-child\" data-id=\"02aa34a\" data-element_type=\"container\" data-e-type=\"container\">\n\t\t\t\t<div class=\"elementor-element elementor-element-9fc85dd elementor-widget elementor-widget-image\" data-id=\"9fc85dd\" data-element_type=\"widget\" data-e-type=\"widget\" data-widget_type=\"image.default\">\n\t\t\t\t<div class=\"elementor-widget-container\">\n\t\t\t\t\t\t\t\t\t\t\t\t\t\t\t\t<a href=\"https:\/\/tourismhr.ca\/wp-content\/uploads\/2025\/07\/Guide_de_sensibilisation_aux_realites_autochtones.pdf\" target=\"_blank\">\n\t\t\t\t\t\t\t<img fetchpriority=\"high\" decoding=\"async\" width=\"600\" height=\"776\" src=\"https:\/\/tourismhr.ca\/wp-content\/uploads\/2025\/07\/Guide_sensibilisation_realites_autochtones_cover2_web.png\" class=\"attachment-large size-large wp-image-48616\" alt=\"\" srcset=\"https:\/\/tourismhr.ca\/wp-content\/uploads\/2025\/07\/Guide_sensibilisation_realites_autochtones_cover2_web.png 600w, https:\/\/tourismhr.ca\/wp-content\/uploads\/2025\/07\/Guide_sensibilisation_realites_autochtones_cover2_web-232x300.png 232w\" sizes=\"(max-width: 600px) 100vw, 600px\" \/>\t\t\t\t\t\t\t\t<\/a>\n\t\t\t\t\t\t\t\t\t\t\t\t\t\t\t<\/div>\n\t\t\t\t<\/div>\n\t\t\t\t<\/div>\n\t\t<div class=\"elementor-element elementor-element-ab421c6 e-con-full e-flex e-con e-child\" data-id=\"ab421c6\" data-element_type=\"container\" data-e-type=\"container\">\n\t\t\t\t<div class=\"elementor-element elementor-element-568b90c elementor-widget elementor-widget-text-editor\" data-id=\"568b90c\" data-element_type=\"widget\" data-e-type=\"widget\" data-widget_type=\"text-editor.default\">\n\t\t\t\t<div class=\"elementor-widget-container\">\n\t\t\t\t\t\t\t\t\t<p>Le Guide de sensibilisation aux r\u00e9alit\u00e9s autochtones est une ressource pour les organisations non autochtones ; il fournit les meilleures pratiques et approches pour accueillir et animer des ateliers et des groupes de discussion autochtones.<\/p>\n<p>\u00c9labor\u00e9 en collaboration avec pipikwan p\u00eaht\u00e2kwan, une agence autochtone dont l\u2019objectif est de faire entendre les voix, les projets et les questions autochtones, le guide rassemble des connaissances de chercheurs, de gardiens des savoirs, d\u2019a\u00een\u00e9s et d\u2019individus autochtones de diverses communaut\u00e9s et nations. Il se veut un document de r\u00e9f\u00e9rence lorsque vous collaborez avec les peuples autochtones. Les pratiques de d\u00e9colonisation \u00e9tant en mouvement et en constante \u00e9volution, il ne s\u2019agit pas d\u2019un document exhaustif et tout-en-un qui contient toutes les r\u00e9ponses et connaissances, mais plut\u00f4t d\u2019un point de d\u00e9part \u00e0 partir duquel les organisations peuvent se r\u00e9f\u00e9rer.<\/p>\n<p>Consultez ce manuel pour obtenir de l\u2019information sur les mani\u00e8res respectueuses de mener des consultations et sur les pratiques que vos organisations pourraient am\u00e9liorer en lien avec les peuples autochtones.<\/p>\n\t\t\t\t\t\t\t\t<\/div>\n\t\t\t\t<\/div>\n\t\t\t\t<div class=\"elementor-element elementor-element-b6ffa69 elementor-align-left elementor-mobile-align-center elementor-widget elementor-widget-button\" data-id=\"b6ffa69\" data-element_type=\"widget\" data-e-type=\"widget\" data-widget_type=\"button.default\">\n\t\t\t\t<div class=\"elementor-widget-container\">\n\t\t\t\t\t\t\t\t\t<div class=\"elementor-button-wrapper\">\n\t\t\t\t\t<a class=\"elementor-button elementor-button-link elementor-size-sm\" href=\"https:\/\/tourismhr.ca\/wp-content\/uploads\/2025\/07\/Guide_de_sensibilisation_aux_realites_autochtones.pdf\" target=\"_blank\">\n\t\t\t\t\t\t<span class=\"elementor-button-content-wrapper\">\n\t\t\t\t\t\t\t\t\t<span class=\"elementor-button-text\">T\u00e9l\u00e9charger le Guide de sensibilisation aux r\u00e9alit\u00e9s autochtones<\/span>\n\t\t\t\t\t<\/span>\n\t\t\t\t\t<\/a>\n\t\t\t\t<\/div>\n\t\t\t\t\t\t\t\t<\/div>\n\t\t\t\t<\/div>\n\t\t\t\t<\/div>\n\t\t\t\t\t<\/div>\n\t\t\t\t<\/div>\n\t\t\t\t<\/div>\n\t\t\t\t<\/div>\n\t\t","protected":false},"excerpt":{"rendered":"<p>Si vous \u00eates concern\u00e9 de pr\u00e8s ou de loin par le tourisme,les ressources nombreuses et diversifi\u00e9es de RH Tourisme Canada sauront \u00e0 coup s\u00fbr satisfaire tous vos besoins d\u2019information. Que vous soyez chercheur, enseignant, \u00e9tudiant, employeur, employ\u00e9 ou chercheur d\u2019emploi,&#8230;<\/p>\n","protected":false},"author":1,"featured_media":0,"parent":0,"menu_order":0,"comment_status":"closed","ping_status":"closed","template":"","meta":{"_acf_changed":false,"inline_featured_image":false,"footnotes":""},"class_list":["post-46406","page","type-page","status-publish","hentry"],"acf":[],"yoast_head":"<!-- This site is optimized with the Yoast SEO plugin v27.4 - https:\/\/yoast.com\/product\/yoast-seo-wordpress\/ -->\n<title>Ressources - Tourism HR Canada<\/title>\n<meta name=\"robots\" content=\"index, follow, max-snippet:-1, max-image-preview:large, max-video-preview:-1\" \/>\n<link rel=\"canonical\" href=\"https:\/\/tourismhr.ca\/fr\/ressources\/\" \/>\n<meta property=\"og:locale\" content=\"fr_FR\" \/>\n<meta property=\"og:type\" content=\"article\" \/>\n<meta property=\"og:title\" content=\"Ressources - Tourism HR Canada\" \/>\n<meta property=\"og:description\" content=\"Si vous \u00eates concern\u00e9 de pr\u00e8s ou de loin par le tourisme,les ressources nombreuses et diversifi\u00e9es de RH Tourisme Canada sauront \u00e0 coup s\u00fbr satisfaire tous vos besoins d\u2019information. Que vous soyez chercheur, enseignant, \u00e9tudiant, employeur, employ\u00e9 ou chercheur d\u2019emploi,...\" \/>\n<meta property=\"og:url\" content=\"https:\/\/tourismhr.ca\/fr\/ressources\/\" \/>\n<meta property=\"og:site_name\" content=\"Tourism HR Canada\" \/>\n<meta property=\"article:modified_time\" content=\"2025-08-05T21:08:25+00:00\" \/>\n<meta property=\"og:image\" content=\"https:\/\/tourismhr.ca\/wp-content\/uploads\/elementor\/thumbs\/shutterstock_1955255617-scaled-r6rcbdxeexf01ebbdlhhsscq43nz9u8jqctrg6o3ru.jpg\" \/>\n<meta name=\"twitter:card\" content=\"summary_large_image\" \/>\n<meta name=\"twitter:label1\" content=\"Dur\u00e9e de lecture estim\u00e9e\" \/>\n\t<meta name=\"twitter:data1\" content=\"2 minutes\" \/>\n<script type=\"application\/ld+json\" class=\"yoast-schema-graph\">{\"@context\":\"https:\\\/\\\/schema.org\",\"@graph\":[{\"@type\":\"WebPage\",\"@id\":\"https:\\\/\\\/tourismhr.ca\\\/fr\\\/ressources\\\/\",\"url\":\"https:\\\/\\\/tourismhr.ca\\\/fr\\\/ressources\\\/\",\"name\":\"Ressources - Tourism HR Canada\",\"isPartOf\":{\"@id\":\"https:\\\/\\\/tourismhr.ca\\\/fr\\\/#website\"},\"primaryImageOfPage\":{\"@id\":\"https:\\\/\\\/tourismhr.ca\\\/fr\\\/ressources\\\/#primaryimage\"},\"image\":{\"@id\":\"https:\\\/\\\/tourismhr.ca\\\/fr\\\/ressources\\\/#primaryimage\"},\"thumbnailUrl\":\"https:\\\/\\\/tourismhr.ca\\\/wp-content\\\/uploads\\\/elementor\\\/thumbs\\\/shutterstock_1955255617-scaled-r6rcbdxeexf01ebbdlhhsscq43nz9u8jqctrg6o3ru.jpg\",\"datePublished\":\"2025-06-03T07:20:33+00:00\",\"dateModified\":\"2025-08-05T21:08:25+00:00\",\"breadcrumb\":{\"@id\":\"https:\\\/\\\/tourismhr.ca\\\/fr\\\/ressources\\\/#breadcrumb\"},\"inLanguage\":\"fr-FR\",\"potentialAction\":[{\"@type\":\"ReadAction\",\"target\":[\"https:\\\/\\\/tourismhr.ca\\\/fr\\\/ressources\\\/\"]}]},{\"@type\":\"ImageObject\",\"inLanguage\":\"fr-FR\",\"@id\":\"https:\\\/\\\/tourismhr.ca\\\/fr\\\/ressources\\\/#primaryimage\",\"url\":\"https:\\\/\\\/tourismhr.ca\\\/wp-content\\\/uploads\\\/elementor\\\/thumbs\\\/shutterstock_1955255617-scaled-r6rcbdxeexf01ebbdlhhsscq43nz9u8jqctrg6o3ru.jpg\",\"contentUrl\":\"https:\\\/\\\/tourismhr.ca\\\/wp-content\\\/uploads\\\/elementor\\\/thumbs\\\/shutterstock_1955255617-scaled-r6rcbdxeexf01ebbdlhhsscq43nz9u8jqctrg6o3ru.jpg\"},{\"@type\":\"BreadcrumbList\",\"@id\":\"https:\\\/\\\/tourismhr.ca\\\/fr\\\/ressources\\\/#breadcrumb\",\"itemListElement\":[{\"@type\":\"ListItem\",\"position\":1,\"name\":\"Accueil\",\"item\":\"https:\\\/\\\/tourismhr.ca\\\/fr\\\/accueil\\\/\"},{\"@type\":\"ListItem\",\"position\":2,\"name\":\"Ressources\"}]},{\"@type\":\"WebSite\",\"@id\":\"https:\\\/\\\/tourismhr.ca\\\/fr\\\/#website\",\"url\":\"https:\\\/\\\/tourismhr.ca\\\/fr\\\/\",\"name\":\"Tourism HR\",\"description\":\"\",\"publisher\":{\"@id\":\"https:\\\/\\\/tourismhr.ca\\\/fr\\\/#organization\"},\"potentialAction\":[{\"@type\":\"SearchAction\",\"target\":{\"@type\":\"EntryPoint\",\"urlTemplate\":\"https:\\\/\\\/tourismhr.ca\\\/fr\\\/?s={search_term_string}\"},\"query-input\":{\"@type\":\"PropertyValueSpecification\",\"valueRequired\":true,\"valueName\":\"search_term_string\"}}],\"inLanguage\":\"fr-FR\"},{\"@type\":\"Organization\",\"@id\":\"https:\\\/\\\/tourismhr.ca\\\/fr\\\/#organization\",\"name\":\"Tourism HR\",\"url\":\"https:\\\/\\\/tourismhr.ca\\\/fr\\\/\",\"logo\":{\"@type\":\"ImageObject\",\"inLanguage\":\"fr-FR\",\"@id\":\"https:\\\/\\\/tourismhr.ca\\\/fr\\\/#\\\/schema\\\/logo\\\/image\\\/\",\"url\":\"https:\\\/\\\/tourismhr.ca\\\/wp-content\\\/uploads\\\/2025\\\/04\\\/logo-tourism-hr.png\",\"contentUrl\":\"https:\\\/\\\/tourismhr.ca\\\/wp-content\\\/uploads\\\/2025\\\/04\\\/logo-tourism-hr.png\",\"width\":413,\"height\":79,\"caption\":\"Tourism HR\"},\"image\":{\"@id\":\"https:\\\/\\\/tourismhr.ca\\\/fr\\\/#\\\/schema\\\/logo\\\/image\\\/\"}}]}<\/script>\n<!-- \/ Yoast SEO plugin. -->","yoast_head_json":{"title":"Ressources - Tourism HR Canada","robots":{"index":"index","follow":"follow","max-snippet":"max-snippet:-1","max-image-preview":"max-image-preview:large","max-video-preview":"max-video-preview:-1"},"canonical":"https:\/\/tourismhr.ca\/fr\/ressources\/","og_locale":"fr_FR","og_type":"article","og_title":"Ressources - Tourism HR Canada","og_description":"Si vous \u00eates concern\u00e9 de pr\u00e8s ou de loin par le tourisme,les ressources nombreuses et diversifi\u00e9es de RH Tourisme Canada sauront \u00e0 coup s\u00fbr satisfaire tous vos besoins d\u2019information. Que vous soyez chercheur, enseignant, \u00e9tudiant, employeur, employ\u00e9 ou chercheur d\u2019emploi,...","og_url":"https:\/\/tourismhr.ca\/fr\/ressources\/","og_site_name":"Tourism HR Canada","article_modified_time":"2025-08-05T21:08:25+00:00","og_image":[{"url":"https:\/\/tourismhr.ca\/wp-content\/uploads\/elementor\/thumbs\/shutterstock_1955255617-scaled-r6rcbdxeexf01ebbdlhhsscq43nz9u8jqctrg6o3ru.jpg","type":"","width":"","height":""}],"twitter_card":"summary_large_image","twitter_misc":{"Dur\u00e9e de lecture estim\u00e9e":"2 minutes"},"schema":{"@context":"https:\/\/schema.org","@graph":[{"@type":"WebPage","@id":"https:\/\/tourismhr.ca\/fr\/ressources\/","url":"https:\/\/tourismhr.ca\/fr\/ressources\/","name":"Ressources - Tourism HR Canada","isPartOf":{"@id":"https:\/\/tourismhr.ca\/fr\/#website"},"primaryImageOfPage":{"@id":"https:\/\/tourismhr.ca\/fr\/ressources\/#primaryimage"},"image":{"@id":"https:\/\/tourismhr.ca\/fr\/ressources\/#primaryimage"},"thumbnailUrl":"https:\/\/tourismhr.ca\/wp-content\/uploads\/elementor\/thumbs\/shutterstock_1955255617-scaled-r6rcbdxeexf01ebbdlhhsscq43nz9u8jqctrg6o3ru.jpg","datePublished":"2025-06-03T07:20:33+00:00","dateModified":"2025-08-05T21:08:25+00:00","breadcrumb":{"@id":"https:\/\/tourismhr.ca\/fr\/ressources\/#breadcrumb"},"inLanguage":"fr-FR","potentialAction":[{"@type":"ReadAction","target":["https:\/\/tourismhr.ca\/fr\/ressources\/"]}]},{"@type":"ImageObject","inLanguage":"fr-FR","@id":"https:\/\/tourismhr.ca\/fr\/ressources\/#primaryimage","url":"https:\/\/tourismhr.ca\/wp-content\/uploads\/elementor\/thumbs\/shutterstock_1955255617-scaled-r6rcbdxeexf01ebbdlhhsscq43nz9u8jqctrg6o3ru.jpg","contentUrl":"https:\/\/tourismhr.ca\/wp-content\/uploads\/elementor\/thumbs\/shutterstock_1955255617-scaled-r6rcbdxeexf01ebbdlhhsscq43nz9u8jqctrg6o3ru.jpg"},{"@type":"BreadcrumbList","@id":"https:\/\/tourismhr.ca\/fr\/ressources\/#breadcrumb","itemListElement":[{"@type":"ListItem","position":1,"name":"Accueil","item":"https:\/\/tourismhr.ca\/fr\/accueil\/"},{"@type":"ListItem","position":2,"name":"Ressources"}]},{"@type":"WebSite","@id":"https:\/\/tourismhr.ca\/fr\/#website","url":"https:\/\/tourismhr.ca\/fr\/","name":"Tourism HR","description":"","publisher":{"@id":"https:\/\/tourismhr.ca\/fr\/#organization"},"potentialAction":[{"@type":"SearchAction","target":{"@type":"EntryPoint","urlTemplate":"https:\/\/tourismhr.ca\/fr\/?s={search_term_string}"},"query-input":{"@type":"PropertyValueSpecification","valueRequired":true,"valueName":"search_term_string"}}],"inLanguage":"fr-FR"},{"@type":"Organization","@id":"https:\/\/tourismhr.ca\/fr\/#organization","name":"Tourism HR","url":"https:\/\/tourismhr.ca\/fr\/","logo":{"@type":"ImageObject","inLanguage":"fr-FR","@id":"https:\/\/tourismhr.ca\/fr\/#\/schema\/logo\/image\/","url":"https:\/\/tourismhr.ca\/wp-content\/uploads\/2025\/04\/logo-tourism-hr.png","contentUrl":"https:\/\/tourismhr.ca\/wp-content\/uploads\/2025\/04\/logo-tourism-hr.png","width":413,"height":79,"caption":"Tourism HR"},"image":{"@id":"https:\/\/tourismhr.ca\/fr\/#\/schema\/logo\/image\/"}}]}},"_links":{"self":[{"href":"https:\/\/tourismhr.ca\/fr\/wp-json\/wp\/v2\/pages\/46406","targetHints":{"allow":["GET"]}}],"collection":[{"href":"https:\/\/tourismhr.ca\/fr\/wp-json\/wp\/v2\/pages"}],"about":[{"href":"https:\/\/tourismhr.ca\/fr\/wp-json\/wp\/v2\/types\/page"}],"author":[{"embeddable":true,"href":"https:\/\/tourismhr.ca\/fr\/wp-json\/wp\/v2\/users\/1"}],"replies":[{"embeddable":true,"href":"https:\/\/tourismhr.ca\/fr\/wp-json\/wp\/v2\/comments?post=46406"}],"version-history":[{"count":0,"href":"https:\/\/tourismhr.ca\/fr\/wp-json\/wp\/v2\/pages\/46406\/revisions"}],"wp:attachment":[{"href":"https:\/\/tourismhr.ca\/fr\/wp-json\/wp\/v2\/media?parent=46406"}],"curies":[{"name":"wp","href":"https:\/\/api.w.org\/{rel}","templated":true}]}}