{"id":46355,"date":"2025-04-28T10:53:00","date_gmt":"2025-04-28T10:53:00","guid":{"rendered":"https:\/\/tourismhr.ca\/nous-joindre\/"},"modified":"2025-07-31T16:49:40","modified_gmt":"2025-07-31T16:49:40","slug":"nous-joindre","status":"publish","type":"page","link":"https:\/\/tourismhr.ca\/fr\/nous-joindre\/","title":{"rendered":"Nous joindre"},"content":{"rendered":"\t\t<div data-elementor-type=\"wp-page\" data-elementor-id=\"46355\" class=\"elementor elementor-46355 elementor-1605\" data-elementor-post-type=\"page\">\n\t\t\t\t<div class=\"elementor-element elementor-element-9557480 e-con-full e-flex e-con e-parent\" data-id=\"9557480\" data-element_type=\"container\" data-e-type=\"container\" data-settings=\"{&quot;background_background&quot;:&quot;classic&quot;}\">\n\t\t<div class=\"elementor-element elementor-element-e5f742d e-flex e-con-boxed e-con e-child\" data-id=\"e5f742d\" data-element_type=\"container\" data-e-type=\"container\">\n\t\t\t\t\t<div class=\"e-con-inner\">\n\t\t<div class=\"elementor-element elementor-element-15d3ccc e-con-full e-flex e-con e-child\" data-id=\"15d3ccc\" data-element_type=\"container\" data-e-type=\"container\">\n\t\t\t\t<div class=\"elementor-element elementor-element-3903579 elementor-align-left elementor-widget elementor-widget-breadcrumbs\" data-id=\"3903579\" data-element_type=\"widget\" data-e-type=\"widget\" data-widget_type=\"breadcrumbs.default\">\n\t\t\t\t<div class=\"elementor-widget-container\">\n\t\t\t\t\t<div id=\"breadcrumbs\"><span><span><a href=\"https:\/\/tourismhr.ca\/fr\/\">Accueil<\/a><\/span><\/span><\/div>\t\t\t\t<\/div>\n\t\t\t\t<\/div>\n\t\t\t\t<div class=\"elementor-element elementor-element-e8a7b78 elementor-widget elementor-widget-heading\" data-id=\"e8a7b78\" data-element_type=\"widget\" data-e-type=\"widget\" data-widget_type=\"heading.default\">\n\t\t\t\t<div class=\"elementor-widget-container\">\n\t\t\t\t\t<h2 class=\"elementor-heading-title elementor-size-default\">Nous joindre<\/h2>\t\t\t\t<\/div>\n\t\t\t\t<\/div>\n\t\t\t\t<div class=\"elementor-element elementor-element-1c54d99 elementor-widget__width-initial elementor-widget elementor-widget-spacer\" data-id=\"1c54d99\" data-element_type=\"widget\" data-e-type=\"widget\" data-widget_type=\"spacer.default\">\n\t\t\t\t<div class=\"elementor-widget-container\">\n\t\t\t\t\t\t\t<div class=\"elementor-spacer\">\n\t\t\t<div class=\"elementor-spacer-inner\"><\/div>\n\t\t<\/div>\n\t\t\t\t\t\t<\/div>\n\t\t\t\t<\/div>\n\t\t\t\t<\/div>\n\t\t\t\t\t<\/div>\n\t\t\t\t<\/div>\n\t\t\t\t<\/div>\n\t\t<div class=\"elementor-element elementor-element-a8ca079 e-flex e-con-boxed e-con e-parent\" data-id=\"a8ca079\" data-element_type=\"container\" data-e-type=\"container\">\n\t\t\t\t\t<div class=\"e-con-inner\">\n\t\t\t\t<div class=\"elementor-element elementor-element-ae47162 elementor-widget elementor-widget-text-editor\" data-id=\"ae47162\" data-element_type=\"widget\" data-e-type=\"widget\" data-widget_type=\"text-editor.default\">\n\t\t\t\t<div class=\"elementor-widget-container\">\n\t\t\t\t\t\t\t\t\tPour de plus amples renseignements sur tout programme, service ou produit propos\u00e9 par RH Tourisme Canada, veuillez communiquer avec nous via le formulaire ci-dessous ou faites d\u00e9filer vers le bas pour obtenir d\u2019autres options.<br><br><br>\t\t\t\t\t\t\t\t<\/div>\n\t\t\t\t<\/div>\n\t\t\t\t<div class=\"elementor-element elementor-element-8a06247 elementor-widget elementor-widget-shortcode\" data-id=\"8a06247\" data-element_type=\"widget\" data-e-type=\"widget\" data-widget_type=\"shortcode.default\">\n\t\t\t\t<div class=\"elementor-widget-container\">\n\t\t\t\t\t\t\t<div class=\"elementor-shortcode\"><style id=\"wpforms-css-vars-8154\">\n\t\t\t\t#wpforms-8154 {\n\t\t\t\t--wpforms-field-size-input-height: 43px;\n--wpforms-field-size-input-spacing: 15px;\n--wpforms-field-size-font-size: 16px;\n--wpforms-field-size-line-height: 19px;\n--wpforms-field-size-padding-h: 14px;\n--wpforms-field-size-checkbox-size: 16px;\n--wpforms-field-size-sublabel-spacing: 5px;\n--wpforms-field-size-icon-size: 1;\n--wpforms-label-size-font-size: 16px;\n--wpforms-label-size-line-height: 19px;\n--wpforms-label-size-sublabel-font-size: 14px;\n--wpforms-label-size-sublabel-line-height: 17px;\n--wpforms-button-size-font-size: 17px;\n--wpforms-button-size-height: 41px;\n--wpforms-button-size-padding-h: 15px;\n--wpforms-button-size-margin-top: 10px;\n--wpforms-container-shadow-size-box-shadow: none;\n\t\t\t}\n\t\t\t<\/style><div class=\"wpforms-container wpforms-container-full contact-form wpforms-render-modern\" id=\"wpforms-8154\"><form id=\"wpforms-form-8154\" class=\"wpforms-validate wpforms-form wpforms-ajax-form\" data-formid=\"8154\" method=\"post\" enctype=\"multipart\/form-data\" action=\"\/fr\/wp-json\/wp\/v2\/pages\/46355\" data-token=\"23974944c1a487289ccafc7d4261e936\" data-token-time=\"1775478849\"><noscript class=\"wpforms-error-noscript\">Veuillez activer JavaScript dans votre navigateur pour remplir ce formulaire.<\/noscript><div id=\"wpforms-error-noscript\" style=\"display: none;\">Veuillez activer JavaScript dans votre navigateur pour remplir ce formulaire.<\/div><div class=\"wpforms-field-container\"><div id=\"wpforms-8154-field_11-container\" class=\"wpforms-field wpforms-field-layout\" data-field-id=\"11\"><div class=\"wpforms-field-layout-rows wpforms-field-large\"><div class=\"wpforms-layout-row\"><div class=\"wpforms-layout-column wpforms-layout-column-50\"><div id=\"wpforms-8154-field_12-container\" class=\"wpforms-field wpforms-field-text form-name\" data-field-id=\"12\"><label class=\"wpforms-field-label wpforms-label-hide\" for=\"wpforms-8154-field_12\" aria-hidden=\"false\">Pr\u00e9nom <span class=\"wpforms-required-label\" aria-hidden=\"true\">*<\/span><\/label><input type=\"text\" id=\"wpforms-8154-field_12\" class=\"wpforms-field-medium wpforms-field-required\" name=\"wpforms[fields][12]\" placeholder=\"Pr\u00e9nom\" aria-errormessage=\"wpforms-8154-field_12-error\" required><\/div><\/div><div class=\"wpforms-layout-column wpforms-layout-column-50\"><div id=\"wpforms-8154-field_15-container\" class=\"wpforms-field wpforms-field-text form-name\" data-field-id=\"15\"><label class=\"wpforms-field-label wpforms-label-hide\" for=\"wpforms-8154-field_15\" aria-hidden=\"false\">Nom de famille <span class=\"wpforms-required-label\" aria-hidden=\"true\">*<\/span><\/label><input type=\"text\" id=\"wpforms-8154-field_15\" class=\"wpforms-field-medium wpforms-field-required\" name=\"wpforms[fields][15]\" placeholder=\"Nom de famille\" aria-errormessage=\"wpforms-8154-field_15-error\" required><\/div><\/div><\/div><\/div><\/div><div id=\"wpforms-8154-field_6-container\" class=\"wpforms-field wpforms-field-email form-email\" data-field-id=\"6\"><label class=\"wpforms-field-label wpforms-label-hide\" for=\"wpforms-8154-field_6\" aria-hidden=\"false\">Email <span class=\"wpforms-required-label\" aria-hidden=\"true\">*<\/span><\/label><input type=\"email\" id=\"wpforms-8154-field_6\" class=\"wpforms-field-large wpforms-field-required\" name=\"wpforms[fields][6]\" placeholder=\"Email\" spellcheck=\"false\" aria-errormessage=\"wpforms-8154-field_6-error\" required><\/div>\t\t<div id=\"wpforms-8154-field_1-container\"\n\t\t\tclass=\"wpforms-field wpforms-field-text\"\n\t\t\tdata-field-type=\"text\"\n\t\t\tdata-field-id=\"1\"\n\t\t\t>\n\t\t\t<label class=\"wpforms-field-label\" for=\"wpforms-8154-field_1\" >Message Pr\u00e9nom Email<\/label>\n\t\t\t<input type=\"text\" id=\"wpforms-8154-field_1\" class=\"wpforms-field-medium\" name=\"wpforms[fields][1]\" >\n\t\t<\/div>\n\t\t<div id=\"wpforms-8154-field_7-container\" class=\"wpforms-field wpforms-field-textarea form-message\" data-field-id=\"7\"><label class=\"wpforms-field-label wpforms-label-hide\" for=\"wpforms-8154-field_7\" aria-hidden=\"false\">Message <span class=\"wpforms-required-label\" aria-hidden=\"true\">*<\/span><\/label><textarea id=\"wpforms-8154-field_7\" class=\"wpforms-field-medium wpforms-field-required\" name=\"wpforms[fields][7]\" placeholder=\"Message\" aria-errormessage=\"wpforms-8154-field_7-error\" required><\/textarea><\/div><script>\n\t\t\t\t( function() {\n\t\t\t\t\tconst style = document.createElement( 'style' );\n\t\t\t\t\tstyle.appendChild( document.createTextNode( '#wpforms-8154-field_1-container { position: absolute !important; overflow: hidden !important; display: inline !important; height: 1px !important; width: 1px !important; z-index: -1000 !important; padding: 0 !important; } #wpforms-8154-field_1-container input { visibility: hidden; } #wpforms-conversational-form-page #wpforms-8154-field_1-container label { counter-increment: none; }' ) );\n\t\t\t\t\tdocument.head.appendChild( style );\n\t\t\t\t\tdocument.currentScript?.remove();\n\t\t\t\t} )();\n\t\t\t<\/script><\/div><!-- .wpforms-field-container --><div class=\"wpforms-submit-container\" ><input type=\"hidden\" name=\"wpforms[id]\" value=\"8154\"><input type=\"hidden\" name=\"page_title\" value=\"\"><input type=\"hidden\" name=\"page_url\" value=\"https:\/\/tourismhr.ca\/fr\/wp-json\/wp\/v2\/pages\/46355\"><input type=\"hidden\" name=\"url_referer\" value=\"\"><button type=\"submit\" name=\"wpforms[submit]\" id=\"wpforms-submit-8154\" class=\"wpforms-submit form-submit\" data-alt-text=\"Envoi...\" data-submit-text=\"Envoyer\" aria-live=\"assertive\" value=\"wpforms-submit\">Envoyer<\/button><img decoding=\"async\" src=\"https:\/\/tourismhr.ca\/wp-content\/plugins\/wpforms\/assets\/images\/submit-spin.svg\" class=\"wpforms-submit-spinner\" style=\"display: none;\" width=\"26\" height=\"26\" alt=\"Chargement en cours\"><\/div><\/form><\/div>  <!-- .wpforms-container --><\/div>\n\t\t\t\t\t\t<\/div>\n\t\t\t\t<\/div>\n\t\t\t\t\t<\/div>\n\t\t\t\t<\/div>\n\t\t<div class=\"elementor-element elementor-element-c3692da e-flex e-con-boxed e-con e-parent\" data-id=\"c3692da\" data-element_type=\"container\" data-e-type=\"container\" data-settings=\"{&quot;background_background&quot;:&quot;classic&quot;}\">\n\t\t\t\t\t<div class=\"e-con-inner\">\n\t\t<div class=\"elementor-element elementor-element-fb8df5c e-con-full 0 e-flex e-con e-child\" data-id=\"fb8df5c\" data-element_type=\"container\" data-e-type=\"container\" data-settings=\"{&quot;background_background&quot;:&quot;classic&quot;}\">\n\t\t<div class=\"elementor-element elementor-element-b383daa e-con-full e-flex e-con e-child\" data-id=\"b383daa\" data-element_type=\"container\" data-e-type=\"container\">\n\t\t\t\t<div class=\"elementor-element elementor-element-ac06b3c elementor-widget__width-initial elementor-view-default elementor-widget elementor-widget-icon\" data-id=\"ac06b3c\" data-element_type=\"widget\" data-e-type=\"widget\" data-widget_type=\"icon.default\">\n\t\t\t\t<div class=\"elementor-widget-container\">\n\t\t\t\t\t\t\t<div class=\"elementor-icon-wrapper\">\n\t\t\t<div class=\"elementor-icon\">\n\t\t\t<svg aria-hidden=\"true\" class=\"e-font-icon-svg e-fas-home\" viewBox=\"0 0 576 512\" xmlns=\"http:\/\/www.w3.org\/2000\/svg\"><path d=\"M280.37 148.26L96 300.11V464a16 16 0 0 0 16 16l112.06-.29a16 16 0 0 0 15.92-16V368a16 16 0 0 1 16-16h64a16 16 0 0 1 16 16v95.64a16 16 0 0 0 16 16.05L464 480a16 16 0 0 0 16-16V300L295.67 148.26a12.19 12.19 0 0 0-15.3 0zM571.6 251.47L488 182.56V44.05a12 12 0 0 0-12-12h-56a12 12 0 0 0-12 12v72.61L318.47 43a48 48 0 0 0-61 0L4.34 251.47a12 12 0 0 0-1.6 16.9l25.5 31A12 12 0 0 0 45.15 301l235.22-193.74a12.19 12.19 0 0 1 15.3 0L530.9 301a12 12 0 0 0 16.9-1.6l25.5-31a12 12 0 0 0-1.7-16.93z\"><\/path><\/svg>\t\t\t<\/div>\n\t\t<\/div>\n\t\t\t\t\t\t<\/div>\n\t\t\t\t<\/div>\n\t\t\t\t<div class=\"elementor-element elementor-element-5768f35 elementor-widget elementor-widget-heading\" data-id=\"5768f35\" data-element_type=\"widget\" data-e-type=\"widget\" data-widget_type=\"heading.default\">\n\t\t\t\t<div class=\"elementor-widget-container\">\n\t\t\t\t\t<h2 class=\"elementor-heading-title elementor-size-default\">Visitez nos bureaux<\/h2>\t\t\t\t<\/div>\n\t\t\t\t<\/div>\n\t\t\t\t<div class=\"elementor-element elementor-element-742f68b elementor-widget elementor-widget-text-editor\" data-id=\"742f68b\" data-element_type=\"widget\" data-e-type=\"widget\" data-widget_type=\"text-editor.default\">\n\t\t\t\t<div class=\"elementor-widget-container\">\n\t\t\t\t\t\t\t\t\t<p>RH Tourisme Canada se situe au<\/p>\n<p>901 &#8211; 275, rue Slater<br \/>Ottawa (Ontario)<br \/>Canada<br \/>K1P 5H9<\/p>\n\t\t\t\t\t\t\t\t<\/div>\n\t\t\t\t<\/div>\n\t\t\t\t<\/div>\n\t\t<div class=\"elementor-element elementor-element-005469e e-con-full e-flex e-con e-child\" data-id=\"005469e\" data-element_type=\"container\" data-e-type=\"container\">\n\t\t\t\t<div class=\"elementor-element elementor-element-fedf591 elementor-widget__width-initial elementor-view-default elementor-widget elementor-widget-icon\" data-id=\"fedf591\" data-element_type=\"widget\" data-e-type=\"widget\" data-widget_type=\"icon.default\">\n\t\t\t\t<div class=\"elementor-widget-container\">\n\t\t\t\t\t\t\t<div class=\"elementor-icon-wrapper\">\n\t\t\t<div class=\"elementor-icon\">\n\t\t\t<svg aria-hidden=\"true\" class=\"e-font-icon-svg e-fas-phone\" viewBox=\"0 0 512 512\" xmlns=\"http:\/\/www.w3.org\/2000\/svg\"><path d=\"M493.4 24.6l-104-24c-11.3-2.6-22.9 3.3-27.5 13.9l-48 112c-4.2 9.8-1.4 21.3 6.9 28l60.6 49.6c-36 76.7-98.9 140.5-177.2 177.2l-49.6-60.6c-6.8-8.3-18.2-11.1-28-6.9l-112 48C3.9 366.5-2 378.1.6 389.4l24 104C27.1 504.2 36.7 512 48 512c256.1 0 464-207.5 464-464 0-11.2-7.7-20.9-18.6-23.4z\"><\/path><\/svg>\t\t\t<\/div>\n\t\t<\/div>\n\t\t\t\t\t\t<\/div>\n\t\t\t\t<\/div>\n\t\t\t\t<div class=\"elementor-element elementor-element-3ea67ea elementor-widget elementor-widget-heading\" data-id=\"3ea67ea\" data-element_type=\"widget\" data-e-type=\"widget\" data-widget_type=\"heading.default\">\n\t\t\t\t<div class=\"elementor-widget-container\">\n\t\t\t\t\t<h2 class=\"elementor-heading-title elementor-size-default\">Appelez-nous.<\/h2>\t\t\t\t<\/div>\n\t\t\t\t<\/div>\n\t\t\t\t<div class=\"elementor-element elementor-element-981edc6 link-styled elementor-widget elementor-widget-text-editor\" data-id=\"981edc6\" data-element_type=\"widget\" data-e-type=\"widget\" data-widget_type=\"text-editor.default\">\n\t\t\t\t<div class=\"elementor-widget-container\">\n\t\t\t\t\t\t\t\t\t<p>Vous pouvez nous rejoindre au<\/p><p><a href=\"tel:+1 613-231-6949\">+1 613-231-6949<\/a><\/p>\t\t\t\t\t\t\t\t<\/div>\n\t\t\t\t<\/div>\n\t\t\t\t<\/div>\n\t\t<div class=\"elementor-element elementor-element-f115e67 e-con-full e-flex e-con e-child\" data-id=\"f115e67\" data-element_type=\"container\" data-e-type=\"container\">\n\t\t\t\t<div class=\"elementor-element elementor-element-8a4e17c elementor-widget__width-initial elementor-view-default elementor-widget elementor-widget-icon\" data-id=\"8a4e17c\" data-element_type=\"widget\" data-e-type=\"widget\" data-widget_type=\"icon.default\">\n\t\t\t\t<div class=\"elementor-widget-container\">\n\t\t\t\t\t\t\t<div class=\"elementor-icon-wrapper\">\n\t\t\t<div class=\"elementor-icon\">\n\t\t\t<svg aria-hidden=\"true\" class=\"e-font-icon-svg e-far-envelope\" viewBox=\"0 0 512 512\" xmlns=\"http:\/\/www.w3.org\/2000\/svg\"><path d=\"M464 64H48C21.49 64 0 85.49 0 112v288c0 26.51 21.49 48 48 48h416c26.51 0 48-21.49 48-48V112c0-26.51-21.49-48-48-48zm0 48v40.805c-22.422 18.259-58.168 46.651-134.587 106.49-16.841 13.247-50.201 45.072-73.413 44.701-23.208.375-56.579-31.459-73.413-44.701C106.18 199.465 70.425 171.067 48 152.805V112h416zM48 400V214.398c22.914 18.251 55.409 43.862 104.938 82.646 21.857 17.205 60.134 55.186 103.062 54.955 42.717.231 80.509-37.199 103.053-54.947 49.528-38.783 82.032-64.401 104.947-82.653V400H48z\"><\/path><\/svg>\t\t\t<\/div>\n\t\t<\/div>\n\t\t\t\t\t\t<\/div>\n\t\t\t\t<\/div>\n\t\t\t\t<div class=\"elementor-element elementor-element-6267743 elementor-widget elementor-widget-heading\" data-id=\"6267743\" data-element_type=\"widget\" data-e-type=\"widget\" data-widget_type=\"heading.default\">\n\t\t\t\t<div class=\"elementor-widget-container\">\n\t\t\t\t\t<h2 class=\"elementor-heading-title elementor-size-default\">\u00c9crivez-nous.<\/h2>\t\t\t\t<\/div>\n\t\t\t\t<\/div>\n\t\t\t\t<div class=\"elementor-element elementor-element-f89c262 link-styled elementor-widget elementor-widget-text-editor\" data-id=\"f89c262\" data-element_type=\"widget\" data-e-type=\"widget\" data-widget_type=\"text-editor.default\">\n\t\t\t\t<div class=\"elementor-widget-container\">\n\t\t\t\t\t\t\t\t\t<p>Envoyez-nous un courriel au<\/p>\n<p><a href=\"mailto:info@tourismhr.ca\">info@TourismHR.ca<\/a><\/p>\n\t\t\t\t\t\t\t\t<\/div>\n\t\t\t\t<\/div>\n\t\t\t\t<\/div>\n\t\t\t\t<\/div>\n\t\t<div class=\"elementor-element elementor-element-5ab501b e-con-full e-flex e-con e-child\" data-id=\"5ab501b\" data-element_type=\"container\" data-e-type=\"container\">\n\t\t\t\t<\/div>\n\t\t\t\t\t<\/div>\n\t\t\t\t<\/div>\n\t\t<div class=\"elementor-element elementor-element-8c7bfb4 e-flex e-con-boxed e-con e-parent\" data-id=\"8c7bfb4\" data-element_type=\"container\" data-e-type=\"container\" data-settings=\"{&quot;background_background&quot;:&quot;classic&quot;}\">\n\t\t\t\t\t<div class=\"e-con-inner\">\n\t\t<div class=\"elementor-element elementor-element-f3b8852 e-con-full e-flex e-con e-child\" data-id=\"f3b8852\" data-element_type=\"container\" data-e-type=\"container\">\n\t\t\t\t<div class=\"elementor-element elementor-element-9751027 link-styled elementor-widget__width-initial elementor-widget elementor-widget-text-editor\" data-id=\"9751027\" data-element_type=\"widget\" data-e-type=\"widget\" data-widget_type=\"text-editor.default\">\n\t\t\t\t<div class=\"elementor-widget-container\">\n\t\t\t\t\t\t\t\t\t<p>Pour vous renseigner sur les r\u00e8gles d\u2019utilisation des documents du RH Tourisme Canada prot\u00e9g\u00e9s par des droits d\u2019auteur, envoyez un courriel \u00e0\u00a0<a href=\"mailto:copyright@tourismhr.ca\">copyright@TourismHR.ca<\/a>.<\/p><p>RH Tourisme Canada vise l\u2019excellence dans tous les services offerts \u00e0 son personnel et \u00e0 sa client\u00e8le, y compris les personnes en situation de handicap. Les clients qui souhaitent formuler des commentaires sur les produits et services offerts aux personnes handicap\u00e9es peuvent le faire par t\u00e9l\u00e9phone au <a href=\"tel:613-231-6949\">613-231-6949<\/a>, par courriel \u00e0\u00a0<a href=\"mailto:info@tourismhr.ca\">info@TourismHR.ca<\/a>,ou par service postal \u00e0 l\u2019adresse indiqu\u00e9e ci-dessous.<\/p>\t\t\t\t\t\t\t\t<\/div>\n\t\t\t\t<\/div>\n\t\t\t\t<\/div>\n\t\t\t\t\t<\/div>\n\t\t\t\t<\/div>\n\t\t\t\t<\/div>\n\t\t","protected":false},"excerpt":{"rendered":"<p>Nous joindre Pour de plus amples renseignements sur tout programme, service ou produit propos\u00e9 par RH Tourisme Canada, veuillez communiquer avec nous via le formulaire ci-dessous ou faites d\u00e9filer vers le bas pour obtenir d\u2019autres options. Visitez nos bureaux RH&#8230;<\/p>\n","protected":false},"author":1,"featured_media":0,"parent":0,"menu_order":0,"comment_status":"closed","ping_status":"closed","template":"","meta":{"_acf_changed":false,"inline_featured_image":false,"footnotes":""},"class_list":["post-46355","page","type-page","status-publish","hentry"],"acf":[],"yoast_head":"<!-- This site is optimized with the Yoast SEO plugin v27.2 - https:\/\/yoast.com\/product\/yoast-seo-wordpress\/ -->\n<title>Nous joindre - Tourism HR Canada<\/title>\n<meta name=\"robots\" content=\"index, follow, max-snippet:-1, max-image-preview:large, max-video-preview:-1\" \/>\n<link rel=\"canonical\" href=\"https:\/\/tourismhr.ca\/fr\/nous-joindre\/\" \/>\n<meta property=\"og:locale\" content=\"fr_FR\" \/>\n<meta property=\"og:type\" content=\"article\" \/>\n<meta property=\"og:title\" content=\"Nous joindre - Tourism HR Canada\" \/>\n<meta property=\"og:description\" content=\"Nous joindre Pour de plus amples renseignements sur tout programme, service ou produit propos\u00e9 par RH Tourisme Canada, veuillez communiquer avec nous via le formulaire ci-dessous ou faites d\u00e9filer vers le bas pour obtenir d\u2019autres options. Visitez nos bureaux RH...\" \/>\n<meta property=\"og:url\" content=\"https:\/\/tourismhr.ca\/fr\/nous-joindre\/\" \/>\n<meta property=\"og:site_name\" content=\"Tourism HR Canada\" \/>\n<meta property=\"article:modified_time\" content=\"2025-07-31T16:49:40+00:00\" \/>\n<meta name=\"twitter:card\" content=\"summary_large_image\" \/>\n<meta name=\"twitter:label1\" content=\"Dur\u00e9e de lecture estim\u00e9e\" \/>\n\t<meta name=\"twitter:data1\" content=\"1 minute\" \/>\n<script type=\"application\/ld+json\" class=\"yoast-schema-graph\">{\"@context\":\"https:\/\/schema.org\",\"@graph\":[{\"@type\":\"WebPage\",\"@id\":\"https:\/\/tourismhr.ca\/fr\/nous-joindre\/\",\"url\":\"https:\/\/tourismhr.ca\/fr\/nous-joindre\/\",\"name\":\"Nous joindre - Tourism HR Canada\",\"isPartOf\":{\"@id\":\"https:\/\/tourismhr.ca\/fr\/#website\"},\"datePublished\":\"2025-04-28T10:53:00+00:00\",\"dateModified\":\"2025-07-31T16:49:40+00:00\",\"breadcrumb\":{\"@id\":\"https:\/\/tourismhr.ca\/fr\/nous-joindre\/#breadcrumb\"},\"inLanguage\":\"fr-FR\",\"potentialAction\":[{\"@type\":\"ReadAction\",\"target\":[\"https:\/\/tourismhr.ca\/fr\/nous-joindre\/\"]}]},{\"@type\":\"BreadcrumbList\",\"@id\":\"https:\/\/tourismhr.ca\/fr\/nous-joindre\/#breadcrumb\",\"itemListElement\":[{\"@type\":\"ListItem\",\"position\":1,\"name\":\"Accueil\",\"item\":\"https:\/\/tourismhr.ca\/fr\/\"},{\"@type\":\"ListItem\",\"position\":2,\"name\":\"Nous joindre\"}]},{\"@type\":\"WebSite\",\"@id\":\"https:\/\/tourismhr.ca\/fr\/#website\",\"url\":\"https:\/\/tourismhr.ca\/fr\/\",\"name\":\"Tourism HR\",\"description\":\"\",\"publisher\":{\"@id\":\"https:\/\/tourismhr.ca\/fr\/#organization\"},\"potentialAction\":[{\"@type\":\"SearchAction\",\"target\":{\"@type\":\"EntryPoint\",\"urlTemplate\":\"https:\/\/tourismhr.ca\/fr\/?s={search_term_string}\"},\"query-input\":{\"@type\":\"PropertyValueSpecification\",\"valueRequired\":true,\"valueName\":\"search_term_string\"}}],\"inLanguage\":\"fr-FR\"},{\"@type\":\"Organization\",\"@id\":\"https:\/\/tourismhr.ca\/fr\/#organization\",\"name\":\"Tourism HR\",\"url\":\"https:\/\/tourismhr.ca\/fr\/\",\"logo\":{\"@type\":\"ImageObject\",\"inLanguage\":\"fr-FR\",\"@id\":\"https:\/\/tourismhr.ca\/fr\/#\/schema\/logo\/image\/\",\"url\":\"https:\/\/tourismhr.ca\/wp-content\/uploads\/2025\/04\/logo-tourism-hr.png\",\"contentUrl\":\"https:\/\/tourismhr.ca\/wp-content\/uploads\/2025\/04\/logo-tourism-hr.png\",\"width\":413,\"height\":79,\"caption\":\"Tourism HR\"},\"image\":{\"@id\":\"https:\/\/tourismhr.ca\/fr\/#\/schema\/logo\/image\/\"}}]}<\/script>\n<!-- \/ Yoast SEO plugin. -->","yoast_head_json":{"title":"Nous joindre - Tourism HR Canada","robots":{"index":"index","follow":"follow","max-snippet":"max-snippet:-1","max-image-preview":"max-image-preview:large","max-video-preview":"max-video-preview:-1"},"canonical":"https:\/\/tourismhr.ca\/fr\/nous-joindre\/","og_locale":"fr_FR","og_type":"article","og_title":"Nous joindre - Tourism HR Canada","og_description":"Nous joindre Pour de plus amples renseignements sur tout programme, service ou produit propos\u00e9 par RH Tourisme Canada, veuillez communiquer avec nous via le formulaire ci-dessous ou faites d\u00e9filer vers le bas pour obtenir d\u2019autres options. Visitez nos bureaux RH...","og_url":"https:\/\/tourismhr.ca\/fr\/nous-joindre\/","og_site_name":"Tourism HR Canada","article_modified_time":"2025-07-31T16:49:40+00:00","twitter_card":"summary_large_image","twitter_misc":{"Dur\u00e9e de lecture estim\u00e9e":"1 minute"},"schema":{"@context":"https:\/\/schema.org","@graph":[{"@type":"WebPage","@id":"https:\/\/tourismhr.ca\/fr\/nous-joindre\/","url":"https:\/\/tourismhr.ca\/fr\/nous-joindre\/","name":"Nous joindre - Tourism HR Canada","isPartOf":{"@id":"https:\/\/tourismhr.ca\/fr\/#website"},"datePublished":"2025-04-28T10:53:00+00:00","dateModified":"2025-07-31T16:49:40+00:00","breadcrumb":{"@id":"https:\/\/tourismhr.ca\/fr\/nous-joindre\/#breadcrumb"},"inLanguage":"fr-FR","potentialAction":[{"@type":"ReadAction","target":["https:\/\/tourismhr.ca\/fr\/nous-joindre\/"]}]},{"@type":"BreadcrumbList","@id":"https:\/\/tourismhr.ca\/fr\/nous-joindre\/#breadcrumb","itemListElement":[{"@type":"ListItem","position":1,"name":"Accueil","item":"https:\/\/tourismhr.ca\/fr\/"},{"@type":"ListItem","position":2,"name":"Nous joindre"}]},{"@type":"WebSite","@id":"https:\/\/tourismhr.ca\/fr\/#website","url":"https:\/\/tourismhr.ca\/fr\/","name":"Tourism HR","description":"","publisher":{"@id":"https:\/\/tourismhr.ca\/fr\/#organization"},"potentialAction":[{"@type":"SearchAction","target":{"@type":"EntryPoint","urlTemplate":"https:\/\/tourismhr.ca\/fr\/?s={search_term_string}"},"query-input":{"@type":"PropertyValueSpecification","valueRequired":true,"valueName":"search_term_string"}}],"inLanguage":"fr-FR"},{"@type":"Organization","@id":"https:\/\/tourismhr.ca\/fr\/#organization","name":"Tourism HR","url":"https:\/\/tourismhr.ca\/fr\/","logo":{"@type":"ImageObject","inLanguage":"fr-FR","@id":"https:\/\/tourismhr.ca\/fr\/#\/schema\/logo\/image\/","url":"https:\/\/tourismhr.ca\/wp-content\/uploads\/2025\/04\/logo-tourism-hr.png","contentUrl":"https:\/\/tourismhr.ca\/wp-content\/uploads\/2025\/04\/logo-tourism-hr.png","width":413,"height":79,"caption":"Tourism HR"},"image":{"@id":"https:\/\/tourismhr.ca\/fr\/#\/schema\/logo\/image\/"}}]}},"_links":{"self":[{"href":"https:\/\/tourismhr.ca\/fr\/wp-json\/wp\/v2\/pages\/46355","targetHints":{"allow":["GET"]}}],"collection":[{"href":"https:\/\/tourismhr.ca\/fr\/wp-json\/wp\/v2\/pages"}],"about":[{"href":"https:\/\/tourismhr.ca\/fr\/wp-json\/wp\/v2\/types\/page"}],"author":[{"embeddable":true,"href":"https:\/\/tourismhr.ca\/fr\/wp-json\/wp\/v2\/users\/1"}],"replies":[{"embeddable":true,"href":"https:\/\/tourismhr.ca\/fr\/wp-json\/wp\/v2\/comments?post=46355"}],"version-history":[{"count":0,"href":"https:\/\/tourismhr.ca\/fr\/wp-json\/wp\/v2\/pages\/46355\/revisions"}],"wp:attachment":[{"href":"https:\/\/tourismhr.ca\/fr\/wp-json\/wp\/v2\/media?parent=46355"}],"curies":[{"name":"wp","href":"https:\/\/api.w.org\/{rel}","templated":true}]}}